{"id":2748,"date":"2024-03-27T12:12:38","date_gmt":"2024-03-27T11:12:38","guid":{"rendered":"https:\/\/philipblank.com\/?page_id=2748"},"modified":"2025-02-03T16:25:56","modified_gmt":"2025-02-03T15:25:56","slug":"exklusiv-forpackning","status":"publish","type":"page","link":"https:\/\/philipblank.com\/sv\/exklusiv-forpackning\/","title":{"rendered":"F\u00f6rpackning"},"content":{"rendered":"","protected":false},"excerpt":{"rendered":"","protected":false},"author":5,"featured_media":0,"parent":0,"menu_order":0,"comment_status":"closed","ping_status":"closed","template":"","meta":{"_acf_changed":false,"inline_featured_image":false,"_monsterinsights_skip_tracking":false,"_monsterinsights_sitenote_active":false,"_monsterinsights_sitenote_note":"","_monsterinsights_sitenote_category":0,"_uf_show_specific_survey":0,"_uf_disable_surveys":false,"footnotes":""},"class_list":["post-2748","page","type-page","status-publish","hentry"],"acf":[],"yoast_head":"<!-- This site is optimized with the Yoast SEO plugin v27.3 - https:\/\/yoast.com\/product\/yoast-seo-wordpress\/ -->\n<title>F\u00f6rpackning - Philip Blank<\/title>\n<meta name=\"description\" content=\"V\u00e5ra f\u00f6rpackningar \u00e4r tillverkade i Sverige. Materialet \u00e4r\u00a0tillverkat av svensk och nordisk skog med\u00a0FSC-certifiering.\" \/>\n<meta name=\"robots\" content=\"index, follow, max-snippet:-1, max-image-preview:large, max-video-preview:-1\" \/>\n<link rel=\"canonical\" href=\"https:\/\/philipblank.com\/sv\/exklusiv-forpackning\/\" \/>\n<meta property=\"og:locale\" content=\"sv_SE\" \/>\n<meta property=\"og:type\" content=\"article\" \/>\n<meta property=\"og:title\" content=\"F\u00f6rpackning - Philip Blank\" \/>\n<meta property=\"og:description\" content=\"V\u00e5ra f\u00f6rpackningar \u00e4r tillverkade i Sverige. Materialet \u00e4r\u00a0tillverkat av svensk och nordisk skog med\u00a0FSC-certifiering.\" \/>\n<meta property=\"og:url\" content=\"https:\/\/philipblank.com\/sv\/exklusiv-forpackning\/\" \/>\n<meta property=\"og:site_name\" content=\"Philip Blank\" \/>\n<meta property=\"article:publisher\" content=\"https:\/\/m.facebook.com\/PhilipBlankBrand\" \/>\n<meta property=\"article:modified_time\" content=\"2025-02-03T15:25:56+00:00\" \/>\n<meta name=\"twitter:card\" content=\"summary_large_image\" \/>\n<meta name=\"twitter:site\" content=\"@PhilipBlankSwe\" \/>\n<meta name=\"twitter:label1\" content=\"Ber\u00e4knad l\u00e4stid\" \/>\n\t<meta name=\"twitter:data1\" content=\"1 minut\" \/>\n<script type=\"application\/ld+json\" class=\"yoast-schema-graph\">{\"@context\":\"https:\\\/\\\/schema.org\",\"@graph\":[{\"@type\":\"WebPage\",\"@id\":\"https:\\\/\\\/philipblank.com\\\/sv\\\/exklusiv-forpackning\\\/\",\"url\":\"https:\\\/\\\/philipblank.com\\\/sv\\\/exklusiv-forpackning\\\/\",\"name\":\"F\u00f6rpackning - Philip Blank\",\"isPartOf\":{\"@id\":\"https:\\\/\\\/philipblank.com\\\/en\\\/#website\"},\"datePublished\":\"2024-03-27T11:12:38+00:00\",\"dateModified\":\"2025-02-03T15:25:56+00:00\",\"description\":\"V\u00e5ra f\u00f6rpackningar \u00e4r tillverkade i Sverige. Materialet \u00e4r\u00a0tillverkat av svensk och nordisk skog med\u00a0FSC-certifiering.\",\"breadcrumb\":{\"@id\":\"https:\\\/\\\/philipblank.com\\\/sv\\\/exklusiv-forpackning\\\/#breadcrumb\"},\"inLanguage\":\"sv-SE\",\"potentialAction\":[{\"@type\":\"ReadAction\",\"target\":[\"https:\\\/\\\/philipblank.com\\\/sv\\\/exklusiv-forpackning\\\/\"]}]},{\"@type\":\"BreadcrumbList\",\"@id\":\"https:\\\/\\\/philipblank.com\\\/sv\\\/exklusiv-forpackning\\\/#breadcrumb\",\"itemListElement\":[{\"@type\":\"ListItem\",\"position\":1,\"name\":\"Home\",\"item\":\"https:\\\/\\\/philipblank.com\\\/sv\\\/\"},{\"@type\":\"ListItem\",\"position\":2,\"name\":\"F\u00f6rpackning\"}]},{\"@type\":\"WebSite\",\"@id\":\"https:\\\/\\\/philipblank.com\\\/en\\\/#website\",\"url\":\"https:\\\/\\\/philipblank.com\\\/en\\\/\",\"name\":\"Philip Blank\",\"description\":\"Mode och kl\u00e4der\",\"publisher\":{\"@id\":\"https:\\\/\\\/philipblank.com\\\/en\\\/#organization\"},\"potentialAction\":[{\"@type\":\"SearchAction\",\"target\":{\"@type\":\"EntryPoint\",\"urlTemplate\":\"https:\\\/\\\/philipblank.com\\\/en\\\/?s={search_term_string}\"},\"query-input\":{\"@type\":\"PropertyValueSpecification\",\"valueRequired\":true,\"valueName\":\"search_term_string\"}}],\"inLanguage\":\"sv-SE\"},{\"@type\":\"Organization\",\"@id\":\"https:\\\/\\\/philipblank.com\\\/en\\\/#organization\",\"name\":\"Philip Blank\",\"url\":\"https:\\\/\\\/philipblank.com\\\/en\\\/\",\"logo\":{\"@type\":\"ImageObject\",\"inLanguage\":\"sv-SE\",\"@id\":\"https:\\\/\\\/philipblank.com\\\/en\\\/#\\\/schema\\\/logo\\\/image\\\/\",\"url\":\"https:\\\/\\\/philipblank.com\\\/wp-content\\\/uploads\\\/2023\\\/03\\\/logo.svg\",\"contentUrl\":\"https:\\\/\\\/philipblank.com\\\/wp-content\\\/uploads\\\/2023\\\/03\\\/logo.svg\",\"width\":1113,\"height\":519,\"caption\":\"Philip Blank\"},\"image\":{\"@id\":\"https:\\\/\\\/philipblank.com\\\/en\\\/#\\\/schema\\\/logo\\\/image\\\/\"},\"sameAs\":[\"https:\\\/\\\/m.facebook.com\\\/PhilipBlankBrand\",\"https:\\\/\\\/x.com\\\/PhilipBlankSwe\",\"https:\\\/\\\/www.instagram.com\\\/philipblankbrand\\\/\",\"https:\\\/\\\/www.linkedin.com\\\/company\\\/philip-blank\\\/?viewAsMember=true\",\"https:\\\/\\\/www.youtube.com\\\/watch?v=9ZtPcLrUQX8&ab_channel=PhilipBlank\",\"https:\\\/\\\/www.pinterest.se\\\/philipblankbrand\"]}]}<\/script>\n<!-- \/ Yoast SEO plugin. -->","yoast_head_json":{"title":"F\u00f6rpackning - Philip Blank","description":"V\u00e5ra f\u00f6rpackningar \u00e4r tillverkade i Sverige. Materialet \u00e4r\u00a0tillverkat av svensk och nordisk skog med\u00a0FSC-certifiering.","robots":{"index":"index","follow":"follow","max-snippet":"max-snippet:-1","max-image-preview":"max-image-preview:large","max-video-preview":"max-video-preview:-1"},"canonical":"https:\/\/philipblank.com\/sv\/exklusiv-forpackning\/","og_locale":"sv_SE","og_type":"article","og_title":"F\u00f6rpackning - Philip Blank","og_description":"V\u00e5ra f\u00f6rpackningar \u00e4r tillverkade i Sverige. Materialet \u00e4r\u00a0tillverkat av svensk och nordisk skog med\u00a0FSC-certifiering.","og_url":"https:\/\/philipblank.com\/sv\/exklusiv-forpackning\/","og_site_name":"Philip Blank","article_publisher":"https:\/\/m.facebook.com\/PhilipBlankBrand","article_modified_time":"2025-02-03T15:25:56+00:00","twitter_card":"summary_large_image","twitter_site":"@PhilipBlankSwe","twitter_misc":{"Ber\u00e4knad l\u00e4stid":"1 minut"},"schema":{"@context":"https:\/\/schema.org","@graph":[{"@type":"WebPage","@id":"https:\/\/philipblank.com\/sv\/exklusiv-forpackning\/","url":"https:\/\/philipblank.com\/sv\/exklusiv-forpackning\/","name":"F\u00f6rpackning - Philip Blank","isPartOf":{"@id":"https:\/\/philipblank.com\/en\/#website"},"datePublished":"2024-03-27T11:12:38+00:00","dateModified":"2025-02-03T15:25:56+00:00","description":"V\u00e5ra f\u00f6rpackningar \u00e4r tillverkade i Sverige. Materialet \u00e4r\u00a0tillverkat av svensk och nordisk skog med\u00a0FSC-certifiering.","breadcrumb":{"@id":"https:\/\/philipblank.com\/sv\/exklusiv-forpackning\/#breadcrumb"},"inLanguage":"sv-SE","potentialAction":[{"@type":"ReadAction","target":["https:\/\/philipblank.com\/sv\/exklusiv-forpackning\/"]}]},{"@type":"BreadcrumbList","@id":"https:\/\/philipblank.com\/sv\/exklusiv-forpackning\/#breadcrumb","itemListElement":[{"@type":"ListItem","position":1,"name":"Home","item":"https:\/\/philipblank.com\/sv\/"},{"@type":"ListItem","position":2,"name":"F\u00f6rpackning"}]},{"@type":"WebSite","@id":"https:\/\/philipblank.com\/en\/#website","url":"https:\/\/philipblank.com\/en\/","name":"Philip Blank","description":"Mode och kl\u00e4der","publisher":{"@id":"https:\/\/philipblank.com\/en\/#organization"},"potentialAction":[{"@type":"SearchAction","target":{"@type":"EntryPoint","urlTemplate":"https:\/\/philipblank.com\/en\/?s={search_term_string}"},"query-input":{"@type":"PropertyValueSpecification","valueRequired":true,"valueName":"search_term_string"}}],"inLanguage":"sv-SE"},{"@type":"Organization","@id":"https:\/\/philipblank.com\/en\/#organization","name":"Philip Blank","url":"https:\/\/philipblank.com\/en\/","logo":{"@type":"ImageObject","inLanguage":"sv-SE","@id":"https:\/\/philipblank.com\/en\/#\/schema\/logo\/image\/","url":"https:\/\/philipblank.com\/wp-content\/uploads\/2023\/03\/logo.svg","contentUrl":"https:\/\/philipblank.com\/wp-content\/uploads\/2023\/03\/logo.svg","width":1113,"height":519,"caption":"Philip Blank"},"image":{"@id":"https:\/\/philipblank.com\/en\/#\/schema\/logo\/image\/"},"sameAs":["https:\/\/m.facebook.com\/PhilipBlankBrand","https:\/\/x.com\/PhilipBlankSwe","https:\/\/www.instagram.com\/philipblankbrand\/","https:\/\/www.linkedin.com\/company\/philip-blank\/?viewAsMember=true","https:\/\/www.youtube.com\/watch?v=9ZtPcLrUQX8&ab_channel=PhilipBlank","https:\/\/www.pinterest.se\/philipblankbrand"]}]}},"_links":{"self":[{"href":"https:\/\/philipblank.com\/sv\/wp-json\/wp\/v2\/pages\/2748","targetHints":{"allow":["GET"]}}],"collection":[{"href":"https:\/\/philipblank.com\/sv\/wp-json\/wp\/v2\/pages"}],"about":[{"href":"https:\/\/philipblank.com\/sv\/wp-json\/wp\/v2\/types\/page"}],"author":[{"embeddable":true,"href":"https:\/\/philipblank.com\/sv\/wp-json\/wp\/v2\/users\/5"}],"replies":[{"embeddable":true,"href":"https:\/\/philipblank.com\/sv\/wp-json\/wp\/v2\/comments?post=2748"}],"version-history":[{"count":155,"href":"https:\/\/philipblank.com\/sv\/wp-json\/wp\/v2\/pages\/2748\/revisions"}],"predecessor-version":[{"id":7644,"href":"https:\/\/philipblank.com\/sv\/wp-json\/wp\/v2\/pages\/2748\/revisions\/7644"}],"wp:attachment":[{"href":"https:\/\/philipblank.com\/sv\/wp-json\/wp\/v2\/media?parent=2748"}],"curies":[{"name":"wp","href":"https:\/\/api.w.org\/{rel}","templated":true}]}}