{"id":3737,"date":"2024-04-15T09:52:09","date_gmt":"2024-04-15T07:52:09","guid":{"rendered":"https:\/\/philipblank.com\/?post_type=product&#038;p=3737"},"modified":"2025-09-30T12:59:31","modified_gmt":"2025-09-30T10:59:31","slug":"full-zip-color-embroidery","status":"publish","type":"product","link":"https:\/\/philipblank.com\/sv\/produkt\/full-zip-color-embroidery\/","title":{"rendered":"Full zip color embroidery"},"content":{"rendered":"<ul>\n<li>Detaljrik fullzip som \u00e4r mycket arbetad<\/li>\n<li>Detaljrik nackbrodering med personlig signering av hantverkaren<\/li>\n<li>Breda muddar vid \u00e4rmslut och midja som ger en sk\u00f6n passform<\/li>\n<li>Specialtillverkad dragkedja med m\u00e4rkets signatur<\/li>\n<li>Broderad bl\u00e5\/gul signaturflagga p\u00e5 v\u00e4nster arm<\/li>\n<li>Broderad signaturlogga p\u00e5 h\u00f6ger arm<\/li>\n<li>Broderad slogan p\u00e5 kragen<\/li>\n<li>100% ekologisk bomull<\/li>\n<li>F\u00e4rg, svart<\/li>\n<li>Tillverkad i Sverige<\/li>\n<\/ul>\n","protected":false},"excerpt":{"rendered":"<p>Detaljrik fullzip som \u00e4r mycket arbetad Detaljrik nackbrodering med personlig signering av hantverkaren Breda muddar vid \u00e4rmslut och midja som ger en sk\u00f6n passform Specialtillverkad dragkedja med m\u00e4rkets signatur Broderad bl\u00e5\/gul signaturflagga p\u00e5 v\u00e4nster arm Broderad signaturlogga p\u00e5 h\u00f6ger arm Broderad slogan p\u00e5 kragen 100% ekologisk bomull F\u00e4rg, svart Tillverkad i Sverige<\/p>\n","protected":false},"featured_media":3738,"template":"","meta":{"_acf_changed":false,"inline_featured_image":false,"_monsterinsights_skip_tracking":false,"_monsterinsights_sitenote_active":false,"_monsterinsights_sitenote_note":"","_monsterinsights_sitenote_category":0,"_uf_show_specific_survey":0,"_uf_disable_surveys":false},"product_brand":[],"product_cat":[131,55],"product_tag":[],"class_list":{"0":"post-3737","1":"product","2":"type-product","3":"status-publish","4":"has-post-thumbnail","6":"product_cat-men","7":"product_cat-trojor","8":"pa_storlek-l","9":"pa_storlek-m","10":"pa_storlek-s","11":"pa_storlek-xl","12":"pa_storlek-xxl","14":"first","15":"instock","16":"taxable","17":"shipping-taxable","18":"purchasable","19":"product-type-variable"},"acf":[],"yoast_head":"<!-- This site is optimized with the Yoast SEO plugin v27.5 - https:\/\/yoast.com\/product\/yoast-seo-wordpress\/ -->\n<title>Full zip color embroidery - Philip Blank<\/title>\n<meta name=\"description\" content=\"En mycket arbetat svart fullzip med stilfull brodering p\u00e5 b\u00e5da \u00e4rmar. Producerad och tillverkad i Sverige av svenska material. Specialtillverkad dragkedja.\" \/>\n<meta name=\"robots\" content=\"index, follow, max-snippet:-1, max-image-preview:large, max-video-preview:-1\" \/>\n<link rel=\"canonical\" href=\"https:\/\/philipblank.com\/sv\/produkt\/full-zip-color-embroidery\/\" \/>\n<meta property=\"og:locale\" content=\"sv_SE\" \/>\n<meta property=\"og:type\" content=\"article\" \/>\n<meta property=\"og:title\" content=\"Full zip color embroidery - Philip Blank\" \/>\n<meta property=\"og:description\" content=\"En mycket arbetat svart fullzip med stilfull brodering p\u00e5 b\u00e5da \u00e4rmar. Producerad och tillverkad i Sverige av svenska material. Specialtillverkad dragkedja.\" \/>\n<meta property=\"og:url\" content=\"https:\/\/philipblank.com\/sv\/produkt\/full-zip-color-embroidery\/\" \/>\n<meta property=\"og:site_name\" content=\"Philip Blank\" \/>\n<meta property=\"article:publisher\" content=\"https:\/\/m.facebook.com\/PhilipBlankBrand\" \/>\n<meta property=\"article:modified_time\" content=\"2025-09-30T10:59:31+00:00\" \/>\n<meta property=\"og:image\" content=\"https:\/\/philipblank.com\/wp-content\/uploads\/2024\/04\/fullzipblagul.png\" \/>\n\t<meta property=\"og:image:width\" content=\"1024\" \/>\n\t<meta property=\"og:image:height\" content=\"1400\" \/>\n\t<meta property=\"og:image:type\" content=\"image\/png\" \/>\n<meta name=\"twitter:card\" content=\"summary_large_image\" \/>\n<meta name=\"twitter:site\" content=\"@PhilipBlankSwe\" \/>\n<meta name=\"twitter:label1\" content=\"Ber\u00e4knad l\u00e4stid\" \/>\n\t<meta name=\"twitter:data1\" content=\"1 minut\" \/>\n<script type=\"application\/ld+json\" class=\"yoast-schema-graph\">{\"@context\":\"https:\\\/\\\/schema.org\",\"@graph\":[{\"@type\":\"WebPage\",\"@id\":\"https:\\\/\\\/philipblank.com\\\/sv\\\/produkt\\\/full-zip-color-embroidery\\\/\",\"url\":\"https:\\\/\\\/philipblank.com\\\/sv\\\/produkt\\\/full-zip-color-embroidery\\\/\",\"name\":\"Full zip color embroidery - Philip Blank\",\"isPartOf\":{\"@id\":\"https:\\\/\\\/philipblank.com\\\/en\\\/#website\"},\"primaryImageOfPage\":{\"@id\":\"https:\\\/\\\/philipblank.com\\\/sv\\\/produkt\\\/full-zip-color-embroidery\\\/#primaryimage\"},\"image\":{\"@id\":\"https:\\\/\\\/philipblank.com\\\/sv\\\/produkt\\\/full-zip-color-embroidery\\\/#primaryimage\"},\"thumbnailUrl\":\"https:\\\/\\\/philipblank.com\\\/wp-content\\\/uploads\\\/2024\\\/04\\\/fullzipblagul.png\",\"datePublished\":\"2024-04-15T07:52:09+00:00\",\"dateModified\":\"2025-09-30T10:59:31+00:00\",\"description\":\"En mycket arbetat svart fullzip med stilfull brodering p\u00e5 b\u00e5da \u00e4rmar. Producerad och tillverkad i Sverige av svenska material. Specialtillverkad dragkedja.\",\"breadcrumb\":{\"@id\":\"https:\\\/\\\/philipblank.com\\\/sv\\\/produkt\\\/full-zip-color-embroidery\\\/#breadcrumb\"},\"inLanguage\":\"sv-SE\",\"potentialAction\":[{\"@type\":\"ReadAction\",\"target\":[\"https:\\\/\\\/philipblank.com\\\/sv\\\/produkt\\\/full-zip-color-embroidery\\\/\"]}]},{\"@type\":\"ImageObject\",\"inLanguage\":\"sv-SE\",\"@id\":\"https:\\\/\\\/philipblank.com\\\/sv\\\/produkt\\\/full-zip-color-embroidery\\\/#primaryimage\",\"url\":\"https:\\\/\\\/philipblank.com\\\/wp-content\\\/uploads\\\/2024\\\/04\\\/fullzipblagul.png\",\"contentUrl\":\"https:\\\/\\\/philipblank.com\\\/wp-content\\\/uploads\\\/2024\\\/04\\\/fullzipblagul.png\",\"width\":1024,\"height\":1400,\"caption\":\"fullzipblagul\"},{\"@type\":\"BreadcrumbList\",\"@id\":\"https:\\\/\\\/philipblank.com\\\/sv\\\/produkt\\\/full-zip-color-embroidery\\\/#breadcrumb\",\"itemListElement\":[{\"@type\":\"ListItem\",\"position\":1,\"name\":\"Home\",\"item\":\"https:\\\/\\\/philipblank.com\\\/sv\\\/\"},{\"@type\":\"ListItem\",\"position\":2,\"name\":\"Store\",\"item\":\"https:\\\/\\\/philipblank.com\\\/sv\\\/butik\\\/\"},{\"@type\":\"ListItem\",\"position\":3,\"name\":\"Full zip color embroidery\"}]},{\"@type\":\"WebSite\",\"@id\":\"https:\\\/\\\/philipblank.com\\\/en\\\/#website\",\"url\":\"https:\\\/\\\/philipblank.com\\\/en\\\/\",\"name\":\"Philip Blank\",\"description\":\"Mode och kl\u00e4der\",\"publisher\":{\"@id\":\"https:\\\/\\\/philipblank.com\\\/en\\\/#organization\"},\"potentialAction\":[{\"@type\":\"SearchAction\",\"target\":{\"@type\":\"EntryPoint\",\"urlTemplate\":\"https:\\\/\\\/philipblank.com\\\/en\\\/?s={search_term_string}\"},\"query-input\":{\"@type\":\"PropertyValueSpecification\",\"valueRequired\":true,\"valueName\":\"search_term_string\"}}],\"inLanguage\":\"sv-SE\"},{\"@type\":\"Organization\",\"@id\":\"https:\\\/\\\/philipblank.com\\\/en\\\/#organization\",\"name\":\"Philip Blank\",\"url\":\"https:\\\/\\\/philipblank.com\\\/en\\\/\",\"logo\":{\"@type\":\"ImageObject\",\"inLanguage\":\"sv-SE\",\"@id\":\"https:\\\/\\\/philipblank.com\\\/en\\\/#\\\/schema\\\/logo\\\/image\\\/\",\"url\":\"https:\\\/\\\/philipblank.com\\\/wp-content\\\/uploads\\\/2023\\\/03\\\/logo.svg\",\"contentUrl\":\"https:\\\/\\\/philipblank.com\\\/wp-content\\\/uploads\\\/2023\\\/03\\\/logo.svg\",\"width\":1113,\"height\":519,\"caption\":\"Philip Blank\"},\"image\":{\"@id\":\"https:\\\/\\\/philipblank.com\\\/en\\\/#\\\/schema\\\/logo\\\/image\\\/\"},\"sameAs\":[\"https:\\\/\\\/m.facebook.com\\\/PhilipBlankBrand\",\"https:\\\/\\\/x.com\\\/PhilipBlankSwe\",\"https:\\\/\\\/www.instagram.com\\\/philipblankbrand\\\/\",\"https:\\\/\\\/www.linkedin.com\\\/company\\\/philip-blank\\\/?viewAsMember=true\",\"https:\\\/\\\/www.youtube.com\\\/watch?v=9ZtPcLrUQX8&ab_channel=PhilipBlank\",\"https:\\\/\\\/www.pinterest.se\\\/philipblankbrand\"]}]}<\/script>\n<!-- \/ Yoast SEO plugin. -->","yoast_head_json":{"title":"Full zip color embroidery - Philip Blank","description":"En mycket arbetat svart fullzip med stilfull brodering p\u00e5 b\u00e5da \u00e4rmar. Producerad och tillverkad i Sverige av svenska material. Specialtillverkad dragkedja.","robots":{"index":"index","follow":"follow","max-snippet":"max-snippet:-1","max-image-preview":"max-image-preview:large","max-video-preview":"max-video-preview:-1"},"canonical":"https:\/\/philipblank.com\/sv\/produkt\/full-zip-color-embroidery\/","og_locale":"sv_SE","og_type":"article","og_title":"Full zip color embroidery - Philip Blank","og_description":"En mycket arbetat svart fullzip med stilfull brodering p\u00e5 b\u00e5da \u00e4rmar. Producerad och tillverkad i Sverige av svenska material. Specialtillverkad dragkedja.","og_url":"https:\/\/philipblank.com\/sv\/produkt\/full-zip-color-embroidery\/","og_site_name":"Philip Blank","article_publisher":"https:\/\/m.facebook.com\/PhilipBlankBrand","article_modified_time":"2025-09-30T10:59:31+00:00","og_image":[{"width":1024,"height":1400,"url":"https:\/\/philipblank.com\/wp-content\/uploads\/2024\/04\/fullzipblagul.png","type":"image\/png"}],"twitter_card":"summary_large_image","twitter_site":"@PhilipBlankSwe","twitter_misc":{"Ber\u00e4knad l\u00e4stid":"1 minut"},"schema":{"@context":"https:\/\/schema.org","@graph":[{"@type":"WebPage","@id":"https:\/\/philipblank.com\/sv\/produkt\/full-zip-color-embroidery\/","url":"https:\/\/philipblank.com\/sv\/produkt\/full-zip-color-embroidery\/","name":"Full zip color embroidery - Philip Blank","isPartOf":{"@id":"https:\/\/philipblank.com\/en\/#website"},"primaryImageOfPage":{"@id":"https:\/\/philipblank.com\/sv\/produkt\/full-zip-color-embroidery\/#primaryimage"},"image":{"@id":"https:\/\/philipblank.com\/sv\/produkt\/full-zip-color-embroidery\/#primaryimage"},"thumbnailUrl":"https:\/\/philipblank.com\/wp-content\/uploads\/2024\/04\/fullzipblagul.png","datePublished":"2024-04-15T07:52:09+00:00","dateModified":"2025-09-30T10:59:31+00:00","description":"En mycket arbetat svart fullzip med stilfull brodering p\u00e5 b\u00e5da \u00e4rmar. Producerad och tillverkad i Sverige av svenska material. Specialtillverkad dragkedja.","breadcrumb":{"@id":"https:\/\/philipblank.com\/sv\/produkt\/full-zip-color-embroidery\/#breadcrumb"},"inLanguage":"sv-SE","potentialAction":[{"@type":"ReadAction","target":["https:\/\/philipblank.com\/sv\/produkt\/full-zip-color-embroidery\/"]}]},{"@type":"ImageObject","inLanguage":"sv-SE","@id":"https:\/\/philipblank.com\/sv\/produkt\/full-zip-color-embroidery\/#primaryimage","url":"https:\/\/philipblank.com\/wp-content\/uploads\/2024\/04\/fullzipblagul.png","contentUrl":"https:\/\/philipblank.com\/wp-content\/uploads\/2024\/04\/fullzipblagul.png","width":1024,"height":1400,"caption":"fullzipblagul"},{"@type":"BreadcrumbList","@id":"https:\/\/philipblank.com\/sv\/produkt\/full-zip-color-embroidery\/#breadcrumb","itemListElement":[{"@type":"ListItem","position":1,"name":"Home","item":"https:\/\/philipblank.com\/sv\/"},{"@type":"ListItem","position":2,"name":"Store","item":"https:\/\/philipblank.com\/sv\/butik\/"},{"@type":"ListItem","position":3,"name":"Full zip color embroidery"}]},{"@type":"WebSite","@id":"https:\/\/philipblank.com\/en\/#website","url":"https:\/\/philipblank.com\/en\/","name":"Philip Blank","description":"Mode och kl\u00e4der","publisher":{"@id":"https:\/\/philipblank.com\/en\/#organization"},"potentialAction":[{"@type":"SearchAction","target":{"@type":"EntryPoint","urlTemplate":"https:\/\/philipblank.com\/en\/?s={search_term_string}"},"query-input":{"@type":"PropertyValueSpecification","valueRequired":true,"valueName":"search_term_string"}}],"inLanguage":"sv-SE"},{"@type":"Organization","@id":"https:\/\/philipblank.com\/en\/#organization","name":"Philip Blank","url":"https:\/\/philipblank.com\/en\/","logo":{"@type":"ImageObject","inLanguage":"sv-SE","@id":"https:\/\/philipblank.com\/en\/#\/schema\/logo\/image\/","url":"https:\/\/philipblank.com\/wp-content\/uploads\/2023\/03\/logo.svg","contentUrl":"https:\/\/philipblank.com\/wp-content\/uploads\/2023\/03\/logo.svg","width":1113,"height":519,"caption":"Philip Blank"},"image":{"@id":"https:\/\/philipblank.com\/en\/#\/schema\/logo\/image\/"},"sameAs":["https:\/\/m.facebook.com\/PhilipBlankBrand","https:\/\/x.com\/PhilipBlankSwe","https:\/\/www.instagram.com\/philipblankbrand\/","https:\/\/www.linkedin.com\/company\/philip-blank\/?viewAsMember=true","https:\/\/www.youtube.com\/watch?v=9ZtPcLrUQX8&ab_channel=PhilipBlank","https:\/\/www.pinterest.se\/philipblankbrand"]}]}},"_links":{"self":[{"href":"https:\/\/philipblank.com\/sv\/wp-json\/wp\/v2\/product\/3737","targetHints":{"allow":["GET"]}}],"collection":[{"href":"https:\/\/philipblank.com\/sv\/wp-json\/wp\/v2\/product"}],"about":[{"href":"https:\/\/philipblank.com\/sv\/wp-json\/wp\/v2\/types\/product"}],"wp:featuredmedia":[{"embeddable":true,"href":"https:\/\/philipblank.com\/sv\/wp-json\/wp\/v2\/media\/3738"}],"wp:attachment":[{"href":"https:\/\/philipblank.com\/sv\/wp-json\/wp\/v2\/media?parent=3737"}],"wp:term":[{"taxonomy":"product_brand","embeddable":true,"href":"https:\/\/philipblank.com\/sv\/wp-json\/wp\/v2\/product_brand?post=3737"},{"taxonomy":"product_cat","embeddable":true,"href":"https:\/\/philipblank.com\/sv\/wp-json\/wp\/v2\/product_cat?post=3737"},{"taxonomy":"product_tag","embeddable":true,"href":"https:\/\/philipblank.com\/sv\/wp-json\/wp\/v2\/product_tag?post=3737"}],"curies":[{"name":"wp","href":"https:\/\/api.w.org\/{rel}","templated":true}]}}