{"id":492,"date":"2023-05-23T12:02:20","date_gmt":"2023-05-23T10:02:20","guid":{"rendered":"https:\/\/philipblank.com\/?post_type=product&#038;p=492"},"modified":"2026-04-04T14:01:33","modified_gmt":"2026-04-04T12:01:33","slug":"svenska-boxershorts","status":"publish","type":"product","link":"https:\/\/philipblank.com\/sv\/produkt\/svenska-boxershorts\/","title":{"rendered":"Boxer shorts"},"content":{"rendered":"<ul>\n<li>Boxer shorts med f\u00f6rstklassig passform<\/li>\n<li>Brett res\u00e5rband med logotyp framtill<\/li>\n<li>Dubbla lager tyg fram och undertill f\u00f6r b\u00e4sta komfort<\/li>\n<li>93% ekologisk bomull och 7% elastan<\/li>\n<li>Transfertryckt tv\u00e4ttr\u00e5d<\/li>\n<li>Tillverkade i Sverige<\/li>\n<\/ul>\n","protected":false},"excerpt":{"rendered":"<p>Boxer shorts med f\u00f6rstklassig passform Brett res\u00e5rband med logotyp framtill Dubbla lager tyg fram och undertill f\u00f6r b\u00e4sta komfort 93% ekologisk bomull och 7% elastan Transfertryckt tv\u00e4ttr\u00e5d Tillverkade i Sverige<\/p>\n","protected":false},"featured_media":1767,"template":"","meta":{"_acf_changed":false,"inline_featured_image":false,"_monsterinsights_skip_tracking":false,"_monsterinsights_sitenote_active":false,"_monsterinsights_sitenote_note":"","_monsterinsights_sitenote_category":0,"_uf_show_specific_survey":0,"_uf_disable_surveys":false},"product_brand":[],"product_cat":[131,65,22],"product_tag":[],"class_list":{"0":"post-492","1":"product","2":"type-product","3":"status-publish","4":"has-post-thumbnail","6":"product_cat-men","7":"product_cat-underklader","8":"product_cat-damochherr","9":"pa_farg-svart","10":"pa_storlek-l","11":"pa_storlek-m","12":"pa_storlek-s","13":"pa_storlek-xl","14":"pa_storlek-xxl","16":"first","17":"instock","18":"taxable","19":"shipping-taxable","20":"purchasable","21":"product-type-variable"},"acf":[],"yoast_head":"<!-- This site is optimized with the Yoast SEO plugin v27.5 - https:\/\/yoast.com\/product\/yoast-seo-wordpress\/ -->\n<title>Boxer shorts - Philip Blank<\/title>\n<meta name=\"description\" content=\"Boxershorts i stilren design av ekologisk bomull. Tillverkade i Sverige av svenska hantverkare. Levereras i exklusiv svensktillverkad f\u00f6rpackning.\" \/>\n<meta name=\"robots\" content=\"index, follow, max-snippet:-1, max-image-preview:large, max-video-preview:-1\" \/>\n<link rel=\"canonical\" href=\"https:\/\/philipblank.com\/sv\/produkt\/svenska-boxershorts\/\" \/>\n<meta property=\"og:locale\" content=\"sv_SE\" \/>\n<meta property=\"og:type\" content=\"article\" \/>\n<meta property=\"og:title\" content=\"Boxer shorts - Philip Blank\" \/>\n<meta property=\"og:description\" content=\"Boxershorts i stilren design av ekologisk bomull. Tillverkade i Sverige av svenska hantverkare. Levereras i exklusiv svensktillverkad f\u00f6rpackning.\" \/>\n<meta property=\"og:url\" content=\"https:\/\/philipblank.com\/sv\/produkt\/svenska-boxershorts\/\" \/>\n<meta property=\"og:site_name\" content=\"Philip Blank\" \/>\n<meta property=\"article:publisher\" content=\"https:\/\/m.facebook.com\/PhilipBlankBrand\" \/>\n<meta property=\"article:modified_time\" content=\"2026-04-04T12:01:33+00:00\" \/>\n<meta property=\"og:image\" content=\"https:\/\/philipblank.com\/wp-content\/uploads\/2024\/02\/UW_F.png\" \/>\n\t<meta property=\"og:image:width\" content=\"1024\" \/>\n\t<meta property=\"og:image:height\" content=\"1400\" \/>\n\t<meta property=\"og:image:type\" content=\"image\/png\" \/>\n<meta name=\"twitter:card\" content=\"summary_large_image\" \/>\n<meta name=\"twitter:site\" content=\"@PhilipBlankSwe\" \/>\n<meta name=\"twitter:label1\" content=\"Ber\u00e4knad l\u00e4stid\" \/>\n\t<meta name=\"twitter:data1\" content=\"1 minut\" \/>\n<script type=\"application\/ld+json\" class=\"yoast-schema-graph\">{\"@context\":\"https:\\\/\\\/schema.org\",\"@graph\":[{\"@type\":\"WebPage\",\"@id\":\"https:\\\/\\\/philipblank.com\\\/sv\\\/produkt\\\/svenska-boxershorts\\\/\",\"url\":\"https:\\\/\\\/philipblank.com\\\/sv\\\/produkt\\\/svenska-boxershorts\\\/\",\"name\":\"Boxer shorts - Philip Blank\",\"isPartOf\":{\"@id\":\"https:\\\/\\\/philipblank.com\\\/en\\\/#website\"},\"primaryImageOfPage\":{\"@id\":\"https:\\\/\\\/philipblank.com\\\/sv\\\/produkt\\\/svenska-boxershorts\\\/#primaryimage\"},\"image\":{\"@id\":\"https:\\\/\\\/philipblank.com\\\/sv\\\/produkt\\\/svenska-boxershorts\\\/#primaryimage\"},\"thumbnailUrl\":\"https:\\\/\\\/philipblank.com\\\/wp-content\\\/uploads\\\/2024\\\/02\\\/UW_F.png\",\"datePublished\":\"2023-05-23T10:02:20+00:00\",\"dateModified\":\"2026-04-04T12:01:33+00:00\",\"description\":\"Boxershorts i stilren design av ekologisk bomull. Tillverkade i Sverige av svenska hantverkare. Levereras i exklusiv svensktillverkad f\u00f6rpackning.\",\"breadcrumb\":{\"@id\":\"https:\\\/\\\/philipblank.com\\\/sv\\\/produkt\\\/svenska-boxershorts\\\/#breadcrumb\"},\"inLanguage\":\"sv-SE\",\"potentialAction\":[{\"@type\":\"ReadAction\",\"target\":[\"https:\\\/\\\/philipblank.com\\\/sv\\\/produkt\\\/svenska-boxershorts\\\/\"]}]},{\"@type\":\"ImageObject\",\"inLanguage\":\"sv-SE\",\"@id\":\"https:\\\/\\\/philipblank.com\\\/sv\\\/produkt\\\/svenska-boxershorts\\\/#primaryimage\",\"url\":\"https:\\\/\\\/philipblank.com\\\/wp-content\\\/uploads\\\/2024\\\/02\\\/UW_F.png\",\"contentUrl\":\"https:\\\/\\\/philipblank.com\\\/wp-content\\\/uploads\\\/2024\\\/02\\\/UW_F.png\",\"width\":1024,\"height\":1400,\"caption\":\"UW F\"},{\"@type\":\"BreadcrumbList\",\"@id\":\"https:\\\/\\\/philipblank.com\\\/sv\\\/produkt\\\/svenska-boxershorts\\\/#breadcrumb\",\"itemListElement\":[{\"@type\":\"ListItem\",\"position\":1,\"name\":\"Home\",\"item\":\"https:\\\/\\\/philipblank.com\\\/sv\\\/\"},{\"@type\":\"ListItem\",\"position\":2,\"name\":\"Store\",\"item\":\"https:\\\/\\\/philipblank.com\\\/sv\\\/butik\\\/\"},{\"@type\":\"ListItem\",\"position\":3,\"name\":\"Boxer shorts\"}]},{\"@type\":\"WebSite\",\"@id\":\"https:\\\/\\\/philipblank.com\\\/en\\\/#website\",\"url\":\"https:\\\/\\\/philipblank.com\\\/en\\\/\",\"name\":\"Philip Blank\",\"description\":\"Mode och kl\u00e4der\",\"publisher\":{\"@id\":\"https:\\\/\\\/philipblank.com\\\/en\\\/#organization\"},\"potentialAction\":[{\"@type\":\"SearchAction\",\"target\":{\"@type\":\"EntryPoint\",\"urlTemplate\":\"https:\\\/\\\/philipblank.com\\\/en\\\/?s={search_term_string}\"},\"query-input\":{\"@type\":\"PropertyValueSpecification\",\"valueRequired\":true,\"valueName\":\"search_term_string\"}}],\"inLanguage\":\"sv-SE\"},{\"@type\":\"Organization\",\"@id\":\"https:\\\/\\\/philipblank.com\\\/en\\\/#organization\",\"name\":\"Philip Blank\",\"url\":\"https:\\\/\\\/philipblank.com\\\/en\\\/\",\"logo\":{\"@type\":\"ImageObject\",\"inLanguage\":\"sv-SE\",\"@id\":\"https:\\\/\\\/philipblank.com\\\/en\\\/#\\\/schema\\\/logo\\\/image\\\/\",\"url\":\"https:\\\/\\\/philipblank.com\\\/wp-content\\\/uploads\\\/2023\\\/03\\\/logo.svg\",\"contentUrl\":\"https:\\\/\\\/philipblank.com\\\/wp-content\\\/uploads\\\/2023\\\/03\\\/logo.svg\",\"width\":1113,\"height\":519,\"caption\":\"Philip Blank\"},\"image\":{\"@id\":\"https:\\\/\\\/philipblank.com\\\/en\\\/#\\\/schema\\\/logo\\\/image\\\/\"},\"sameAs\":[\"https:\\\/\\\/m.facebook.com\\\/PhilipBlankBrand\",\"https:\\\/\\\/x.com\\\/PhilipBlankSwe\",\"https:\\\/\\\/www.instagram.com\\\/philipblankbrand\\\/\",\"https:\\\/\\\/www.linkedin.com\\\/company\\\/philip-blank\\\/?viewAsMember=true\",\"https:\\\/\\\/www.youtube.com\\\/watch?v=9ZtPcLrUQX8&ab_channel=PhilipBlank\",\"https:\\\/\\\/www.pinterest.se\\\/philipblankbrand\"]}]}<\/script>\n<!-- \/ Yoast SEO plugin. -->","yoast_head_json":{"title":"Boxer shorts - Philip Blank","description":"Boxershorts i stilren design av ekologisk bomull. Tillverkade i Sverige av svenska hantverkare. Levereras i exklusiv svensktillverkad f\u00f6rpackning.","robots":{"index":"index","follow":"follow","max-snippet":"max-snippet:-1","max-image-preview":"max-image-preview:large","max-video-preview":"max-video-preview:-1"},"canonical":"https:\/\/philipblank.com\/sv\/produkt\/svenska-boxershorts\/","og_locale":"sv_SE","og_type":"article","og_title":"Boxer shorts - Philip Blank","og_description":"Boxershorts i stilren design av ekologisk bomull. Tillverkade i Sverige av svenska hantverkare. Levereras i exklusiv svensktillverkad f\u00f6rpackning.","og_url":"https:\/\/philipblank.com\/sv\/produkt\/svenska-boxershorts\/","og_site_name":"Philip Blank","article_publisher":"https:\/\/m.facebook.com\/PhilipBlankBrand","article_modified_time":"2026-04-04T12:01:33+00:00","og_image":[{"width":1024,"height":1400,"url":"https:\/\/philipblank.com\/wp-content\/uploads\/2024\/02\/UW_F.png","type":"image\/png"}],"twitter_card":"summary_large_image","twitter_site":"@PhilipBlankSwe","twitter_misc":{"Ber\u00e4knad l\u00e4stid":"1 minut"},"schema":{"@context":"https:\/\/schema.org","@graph":[{"@type":"WebPage","@id":"https:\/\/philipblank.com\/sv\/produkt\/svenska-boxershorts\/","url":"https:\/\/philipblank.com\/sv\/produkt\/svenska-boxershorts\/","name":"Boxer shorts - Philip Blank","isPartOf":{"@id":"https:\/\/philipblank.com\/en\/#website"},"primaryImageOfPage":{"@id":"https:\/\/philipblank.com\/sv\/produkt\/svenska-boxershorts\/#primaryimage"},"image":{"@id":"https:\/\/philipblank.com\/sv\/produkt\/svenska-boxershorts\/#primaryimage"},"thumbnailUrl":"https:\/\/philipblank.com\/wp-content\/uploads\/2024\/02\/UW_F.png","datePublished":"2023-05-23T10:02:20+00:00","dateModified":"2026-04-04T12:01:33+00:00","description":"Boxershorts i stilren design av ekologisk bomull. Tillverkade i Sverige av svenska hantverkare. Levereras i exklusiv svensktillverkad f\u00f6rpackning.","breadcrumb":{"@id":"https:\/\/philipblank.com\/sv\/produkt\/svenska-boxershorts\/#breadcrumb"},"inLanguage":"sv-SE","potentialAction":[{"@type":"ReadAction","target":["https:\/\/philipblank.com\/sv\/produkt\/svenska-boxershorts\/"]}]},{"@type":"ImageObject","inLanguage":"sv-SE","@id":"https:\/\/philipblank.com\/sv\/produkt\/svenska-boxershorts\/#primaryimage","url":"https:\/\/philipblank.com\/wp-content\/uploads\/2024\/02\/UW_F.png","contentUrl":"https:\/\/philipblank.com\/wp-content\/uploads\/2024\/02\/UW_F.png","width":1024,"height":1400,"caption":"UW F"},{"@type":"BreadcrumbList","@id":"https:\/\/philipblank.com\/sv\/produkt\/svenska-boxershorts\/#breadcrumb","itemListElement":[{"@type":"ListItem","position":1,"name":"Home","item":"https:\/\/philipblank.com\/sv\/"},{"@type":"ListItem","position":2,"name":"Store","item":"https:\/\/philipblank.com\/sv\/butik\/"},{"@type":"ListItem","position":3,"name":"Boxer shorts"}]},{"@type":"WebSite","@id":"https:\/\/philipblank.com\/en\/#website","url":"https:\/\/philipblank.com\/en\/","name":"Philip Blank","description":"Mode och kl\u00e4der","publisher":{"@id":"https:\/\/philipblank.com\/en\/#organization"},"potentialAction":[{"@type":"SearchAction","target":{"@type":"EntryPoint","urlTemplate":"https:\/\/philipblank.com\/en\/?s={search_term_string}"},"query-input":{"@type":"PropertyValueSpecification","valueRequired":true,"valueName":"search_term_string"}}],"inLanguage":"sv-SE"},{"@type":"Organization","@id":"https:\/\/philipblank.com\/en\/#organization","name":"Philip Blank","url":"https:\/\/philipblank.com\/en\/","logo":{"@type":"ImageObject","inLanguage":"sv-SE","@id":"https:\/\/philipblank.com\/en\/#\/schema\/logo\/image\/","url":"https:\/\/philipblank.com\/wp-content\/uploads\/2023\/03\/logo.svg","contentUrl":"https:\/\/philipblank.com\/wp-content\/uploads\/2023\/03\/logo.svg","width":1113,"height":519,"caption":"Philip Blank"},"image":{"@id":"https:\/\/philipblank.com\/en\/#\/schema\/logo\/image\/"},"sameAs":["https:\/\/m.facebook.com\/PhilipBlankBrand","https:\/\/x.com\/PhilipBlankSwe","https:\/\/www.instagram.com\/philipblankbrand\/","https:\/\/www.linkedin.com\/company\/philip-blank\/?viewAsMember=true","https:\/\/www.youtube.com\/watch?v=9ZtPcLrUQX8&ab_channel=PhilipBlank","https:\/\/www.pinterest.se\/philipblankbrand"]}]}},"_links":{"self":[{"href":"https:\/\/philipblank.com\/sv\/wp-json\/wp\/v2\/product\/492","targetHints":{"allow":["GET"]}}],"collection":[{"href":"https:\/\/philipblank.com\/sv\/wp-json\/wp\/v2\/product"}],"about":[{"href":"https:\/\/philipblank.com\/sv\/wp-json\/wp\/v2\/types\/product"}],"wp:featuredmedia":[{"embeddable":true,"href":"https:\/\/philipblank.com\/sv\/wp-json\/wp\/v2\/media\/1767"}],"wp:attachment":[{"href":"https:\/\/philipblank.com\/sv\/wp-json\/wp\/v2\/media?parent=492"}],"wp:term":[{"taxonomy":"product_brand","embeddable":true,"href":"https:\/\/philipblank.com\/sv\/wp-json\/wp\/v2\/product_brand?post=492"},{"taxonomy":"product_cat","embeddable":true,"href":"https:\/\/philipblank.com\/sv\/wp-json\/wp\/v2\/product_cat?post=492"},{"taxonomy":"product_tag","embeddable":true,"href":"https:\/\/philipblank.com\/sv\/wp-json\/wp\/v2\/product_tag?post=492"}],"curies":[{"name":"wp","href":"https:\/\/api.w.org\/{rel}","templated":true}]}}