{"id":499,"date":"2023-05-23T13:58:36","date_gmt":"2023-05-23T11:58:36","guid":{"rendered":"https:\/\/philipblank.com\/?post_type=product&#038;p=499"},"modified":"2025-09-30T09:22:33","modified_gmt":"2025-09-30T07:22:33","slug":"heavy-socks","status":"publish","type":"product","link":"https:\/\/philipblank.com\/sv\/produkt\/heavy-socks\/","title":{"rendered":"Heavy socks"},"content":{"rendered":"<ul>\n<li>Formsydd tjock ullstrumpa med Philip Blank signatur<\/li>\n<li>Unik design med luftkanaler f\u00f6r optimal komfort<\/li>\n<li>H\u00f6g modell i slitstark ullmix<\/li>\n<li>F\u00f6rtv\u00e4ttad f\u00f6r minimal krymp och ludd<\/li>\n<li>45% Ull,\u00a035% Akryl,\u00a018% Polyamide,\u00a02% Lycra<\/li>\n<li>En strumpa som passar utm\u00e4rkt hela vintern inne som ute vid skid\u00e5kning &amp; vandring<\/li>\n<li>F\u00e4rg svart med gr\u00e5 signatur<\/li>\n<li>Tillverkad i Sverige<\/li>\n<\/ul>\n<p>&nbsp;<\/p>\n","protected":false},"excerpt":{"rendered":"<p>Formsydd tjock ullstrumpa med Philip Blank signatur Unik design med luftkanaler f\u00f6r optimal komfort H\u00f6g modell i slitstark ullmix F\u00f6rtv\u00e4ttad f\u00f6r minimal krymp och ludd 45% Ull,\u00a035% Akryl,\u00a018% Polyamide,\u00a02% Lycra En strumpa som passar utm\u00e4rkt hela vintern inne som ute vid skid\u00e5kning &amp; vandring F\u00e4rg svart med gr\u00e5 signatur Tillverkad i Sverige &nbsp;<\/p>\n","protected":false},"featured_media":5963,"template":"","meta":{"_acf_changed":false,"inline_featured_image":false,"_monsterinsights_skip_tracking":false,"_monsterinsights_sitenote_active":false,"_monsterinsights_sitenote_note":"","_monsterinsights_sitenote_category":0,"_uf_show_specific_survey":0,"_uf_disable_surveys":false},"product_brand":[],"product_cat":[132,131,76,137,22,136,65],"product_tag":[],"class_list":{"0":"post-499","1":"product","2":"type-product","3":"status-publish","4":"has-post-thumbnail","6":"product_cat-woman","7":"product_cat-men","8":"product_cat-strumpor","9":"product_cat-strumpor-woman","10":"product_cat-damochherr","11":"product_cat-underklader-woman","12":"product_cat-underklader","13":"pa_farg-svart","14":"pa_storlek-37-39","15":"pa_storlek-40-42","16":"pa_storlek-43-45","18":"first","19":"instock","20":"taxable","21":"shipping-taxable","22":"purchasable","23":"product-type-variable"},"acf":[],"yoast_head":"<!-- This site is optimized with the Yoast SEO plugin v27.4 - https:\/\/yoast.com\/product\/yoast-seo-wordpress\/ -->\n<title>Heavy socks - Philip Blank<\/title>\n<meta name=\"description\" content=\"Svart tjock strumpa i ull\/akrylblandning. F\u00f6rst\u00e4rkt i h\u00e4l och t\u00e5-parti med Philip Blanks logotype i gr\u00e5tt upptill. Tillverkade i Sverige.\" \/>\n<meta name=\"robots\" content=\"index, follow, max-snippet:-1, max-image-preview:large, max-video-preview:-1\" \/>\n<link rel=\"canonical\" href=\"https:\/\/philipblank.com\/sv\/produkt\/heavy-socks\/\" \/>\n<meta property=\"og:locale\" content=\"sv_SE\" \/>\n<meta property=\"og:type\" content=\"article\" \/>\n<meta property=\"og:title\" content=\"Heavy socks - Philip Blank\" \/>\n<meta property=\"og:description\" content=\"Svart tjock strumpa i ull\/akrylblandning. F\u00f6rst\u00e4rkt i h\u00e4l och t\u00e5-parti med Philip Blanks logotype i gr\u00e5tt upptill. Tillverkade i Sverige.\" \/>\n<meta property=\"og:url\" content=\"https:\/\/philipblank.com\/sv\/produkt\/heavy-socks\/\" \/>\n<meta property=\"og:site_name\" content=\"Philip Blank\" \/>\n<meta property=\"article:publisher\" content=\"https:\/\/m.facebook.com\/PhilipBlankBrand\" \/>\n<meta property=\"article:modified_time\" content=\"2025-09-30T07:22:33+00:00\" \/>\n<meta property=\"og:image\" content=\"https:\/\/philipblank.com\/wp-content\/uploads\/2023\/05\/Socks_03_F-749x1024.png\" \/>\n\t<meta property=\"og:image:width\" content=\"749\" \/>\n\t<meta property=\"og:image:height\" content=\"1024\" \/>\n\t<meta property=\"og:image:type\" content=\"image\/png\" \/>\n<meta name=\"twitter:card\" content=\"summary_large_image\" \/>\n<meta name=\"twitter:site\" content=\"@PhilipBlankSwe\" \/>\n<meta name=\"twitter:label1\" content=\"Ber\u00e4knad l\u00e4stid\" \/>\n\t<meta name=\"twitter:data1\" content=\"1 minut\" \/>\n<script type=\"application\/ld+json\" class=\"yoast-schema-graph\">{\"@context\":\"https:\\\/\\\/schema.org\",\"@graph\":[{\"@type\":\"WebPage\",\"@id\":\"https:\\\/\\\/philipblank.com\\\/sv\\\/produkt\\\/heavy-socks\\\/\",\"url\":\"https:\\\/\\\/philipblank.com\\\/sv\\\/produkt\\\/heavy-socks\\\/\",\"name\":\"Heavy socks - Philip Blank\",\"isPartOf\":{\"@id\":\"https:\\\/\\\/philipblank.com\\\/en\\\/#website\"},\"primaryImageOfPage\":{\"@id\":\"https:\\\/\\\/philipblank.com\\\/sv\\\/produkt\\\/heavy-socks\\\/#primaryimage\"},\"image\":{\"@id\":\"https:\\\/\\\/philipblank.com\\\/sv\\\/produkt\\\/heavy-socks\\\/#primaryimage\"},\"thumbnailUrl\":\"https:\\\/\\\/philipblank.com\\\/wp-content\\\/uploads\\\/2023\\\/05\\\/Socks_03_F.png\",\"datePublished\":\"2023-05-23T11:58:36+00:00\",\"dateModified\":\"2025-09-30T07:22:33+00:00\",\"description\":\"Svart tjock strumpa i ull\\\/akrylblandning. F\u00f6rst\u00e4rkt i h\u00e4l och t\u00e5-parti med Philip Blanks logotype i gr\u00e5tt upptill. Tillverkade i Sverige.\",\"breadcrumb\":{\"@id\":\"https:\\\/\\\/philipblank.com\\\/sv\\\/produkt\\\/heavy-socks\\\/#breadcrumb\"},\"inLanguage\":\"sv-SE\",\"potentialAction\":[{\"@type\":\"ReadAction\",\"target\":[\"https:\\\/\\\/philipblank.com\\\/sv\\\/produkt\\\/heavy-socks\\\/\"]}]},{\"@type\":\"ImageObject\",\"inLanguage\":\"sv-SE\",\"@id\":\"https:\\\/\\\/philipblank.com\\\/sv\\\/produkt\\\/heavy-socks\\\/#primaryimage\",\"url\":\"https:\\\/\\\/philipblank.com\\\/wp-content\\\/uploads\\\/2023\\\/05\\\/Socks_03_F.png\",\"contentUrl\":\"https:\\\/\\\/philipblank.com\\\/wp-content\\\/uploads\\\/2023\\\/05\\\/Socks_03_F.png\",\"width\":2560,\"height\":3500,\"caption\":\"Socks 03 F\"},{\"@type\":\"BreadcrumbList\",\"@id\":\"https:\\\/\\\/philipblank.com\\\/sv\\\/produkt\\\/heavy-socks\\\/#breadcrumb\",\"itemListElement\":[{\"@type\":\"ListItem\",\"position\":1,\"name\":\"Home\",\"item\":\"https:\\\/\\\/philipblank.com\\\/sv\\\/\"},{\"@type\":\"ListItem\",\"position\":2,\"name\":\"Store\",\"item\":\"https:\\\/\\\/philipblank.com\\\/sv\\\/butik\\\/\"},{\"@type\":\"ListItem\",\"position\":3,\"name\":\"Heavy socks\"}]},{\"@type\":\"WebSite\",\"@id\":\"https:\\\/\\\/philipblank.com\\\/en\\\/#website\",\"url\":\"https:\\\/\\\/philipblank.com\\\/en\\\/\",\"name\":\"Philip Blank\",\"description\":\"Mode och kl\u00e4der\",\"publisher\":{\"@id\":\"https:\\\/\\\/philipblank.com\\\/en\\\/#organization\"},\"potentialAction\":[{\"@type\":\"SearchAction\",\"target\":{\"@type\":\"EntryPoint\",\"urlTemplate\":\"https:\\\/\\\/philipblank.com\\\/en\\\/?s={search_term_string}\"},\"query-input\":{\"@type\":\"PropertyValueSpecification\",\"valueRequired\":true,\"valueName\":\"search_term_string\"}}],\"inLanguage\":\"sv-SE\"},{\"@type\":\"Organization\",\"@id\":\"https:\\\/\\\/philipblank.com\\\/en\\\/#organization\",\"name\":\"Philip Blank\",\"url\":\"https:\\\/\\\/philipblank.com\\\/en\\\/\",\"logo\":{\"@type\":\"ImageObject\",\"inLanguage\":\"sv-SE\",\"@id\":\"https:\\\/\\\/philipblank.com\\\/en\\\/#\\\/schema\\\/logo\\\/image\\\/\",\"url\":\"https:\\\/\\\/philipblank.com\\\/wp-content\\\/uploads\\\/2023\\\/03\\\/logo.svg\",\"contentUrl\":\"https:\\\/\\\/philipblank.com\\\/wp-content\\\/uploads\\\/2023\\\/03\\\/logo.svg\",\"width\":1113,\"height\":519,\"caption\":\"Philip Blank\"},\"image\":{\"@id\":\"https:\\\/\\\/philipblank.com\\\/en\\\/#\\\/schema\\\/logo\\\/image\\\/\"},\"sameAs\":[\"https:\\\/\\\/m.facebook.com\\\/PhilipBlankBrand\",\"https:\\\/\\\/x.com\\\/PhilipBlankSwe\",\"https:\\\/\\\/www.instagram.com\\\/philipblankbrand\\\/\",\"https:\\\/\\\/www.linkedin.com\\\/company\\\/philip-blank\\\/?viewAsMember=true\",\"https:\\\/\\\/www.youtube.com\\\/watch?v=9ZtPcLrUQX8&ab_channel=PhilipBlank\",\"https:\\\/\\\/www.pinterest.se\\\/philipblankbrand\"]}]}<\/script>\n<!-- \/ Yoast SEO plugin. -->","yoast_head_json":{"title":"Heavy socks - Philip Blank","description":"Svart tjock strumpa i ull\/akrylblandning. F\u00f6rst\u00e4rkt i h\u00e4l och t\u00e5-parti med Philip Blanks logotype i gr\u00e5tt upptill. Tillverkade i Sverige.","robots":{"index":"index","follow":"follow","max-snippet":"max-snippet:-1","max-image-preview":"max-image-preview:large","max-video-preview":"max-video-preview:-1"},"canonical":"https:\/\/philipblank.com\/sv\/produkt\/heavy-socks\/","og_locale":"sv_SE","og_type":"article","og_title":"Heavy socks - Philip Blank","og_description":"Svart tjock strumpa i ull\/akrylblandning. F\u00f6rst\u00e4rkt i h\u00e4l och t\u00e5-parti med Philip Blanks logotype i gr\u00e5tt upptill. Tillverkade i Sverige.","og_url":"https:\/\/philipblank.com\/sv\/produkt\/heavy-socks\/","og_site_name":"Philip Blank","article_publisher":"https:\/\/m.facebook.com\/PhilipBlankBrand","article_modified_time":"2025-09-30T07:22:33+00:00","og_image":[{"width":749,"height":1024,"url":"https:\/\/philipblank.com\/wp-content\/uploads\/2023\/05\/Socks_03_F-749x1024.png","type":"image\/png"}],"twitter_card":"summary_large_image","twitter_site":"@PhilipBlankSwe","twitter_misc":{"Ber\u00e4knad l\u00e4stid":"1 minut"},"schema":{"@context":"https:\/\/schema.org","@graph":[{"@type":"WebPage","@id":"https:\/\/philipblank.com\/sv\/produkt\/heavy-socks\/","url":"https:\/\/philipblank.com\/sv\/produkt\/heavy-socks\/","name":"Heavy socks - Philip Blank","isPartOf":{"@id":"https:\/\/philipblank.com\/en\/#website"},"primaryImageOfPage":{"@id":"https:\/\/philipblank.com\/sv\/produkt\/heavy-socks\/#primaryimage"},"image":{"@id":"https:\/\/philipblank.com\/sv\/produkt\/heavy-socks\/#primaryimage"},"thumbnailUrl":"https:\/\/philipblank.com\/wp-content\/uploads\/2023\/05\/Socks_03_F.png","datePublished":"2023-05-23T11:58:36+00:00","dateModified":"2025-09-30T07:22:33+00:00","description":"Svart tjock strumpa i ull\/akrylblandning. F\u00f6rst\u00e4rkt i h\u00e4l och t\u00e5-parti med Philip Blanks logotype i gr\u00e5tt upptill. Tillverkade i Sverige.","breadcrumb":{"@id":"https:\/\/philipblank.com\/sv\/produkt\/heavy-socks\/#breadcrumb"},"inLanguage":"sv-SE","potentialAction":[{"@type":"ReadAction","target":["https:\/\/philipblank.com\/sv\/produkt\/heavy-socks\/"]}]},{"@type":"ImageObject","inLanguage":"sv-SE","@id":"https:\/\/philipblank.com\/sv\/produkt\/heavy-socks\/#primaryimage","url":"https:\/\/philipblank.com\/wp-content\/uploads\/2023\/05\/Socks_03_F.png","contentUrl":"https:\/\/philipblank.com\/wp-content\/uploads\/2023\/05\/Socks_03_F.png","width":2560,"height":3500,"caption":"Socks 03 F"},{"@type":"BreadcrumbList","@id":"https:\/\/philipblank.com\/sv\/produkt\/heavy-socks\/#breadcrumb","itemListElement":[{"@type":"ListItem","position":1,"name":"Home","item":"https:\/\/philipblank.com\/sv\/"},{"@type":"ListItem","position":2,"name":"Store","item":"https:\/\/philipblank.com\/sv\/butik\/"},{"@type":"ListItem","position":3,"name":"Heavy socks"}]},{"@type":"WebSite","@id":"https:\/\/philipblank.com\/en\/#website","url":"https:\/\/philipblank.com\/en\/","name":"Philip Blank","description":"Mode och kl\u00e4der","publisher":{"@id":"https:\/\/philipblank.com\/en\/#organization"},"potentialAction":[{"@type":"SearchAction","target":{"@type":"EntryPoint","urlTemplate":"https:\/\/philipblank.com\/en\/?s={search_term_string}"},"query-input":{"@type":"PropertyValueSpecification","valueRequired":true,"valueName":"search_term_string"}}],"inLanguage":"sv-SE"},{"@type":"Organization","@id":"https:\/\/philipblank.com\/en\/#organization","name":"Philip Blank","url":"https:\/\/philipblank.com\/en\/","logo":{"@type":"ImageObject","inLanguage":"sv-SE","@id":"https:\/\/philipblank.com\/en\/#\/schema\/logo\/image\/","url":"https:\/\/philipblank.com\/wp-content\/uploads\/2023\/03\/logo.svg","contentUrl":"https:\/\/philipblank.com\/wp-content\/uploads\/2023\/03\/logo.svg","width":1113,"height":519,"caption":"Philip Blank"},"image":{"@id":"https:\/\/philipblank.com\/en\/#\/schema\/logo\/image\/"},"sameAs":["https:\/\/m.facebook.com\/PhilipBlankBrand","https:\/\/x.com\/PhilipBlankSwe","https:\/\/www.instagram.com\/philipblankbrand\/","https:\/\/www.linkedin.com\/company\/philip-blank\/?viewAsMember=true","https:\/\/www.youtube.com\/watch?v=9ZtPcLrUQX8&ab_channel=PhilipBlank","https:\/\/www.pinterest.se\/philipblankbrand"]}]}},"_links":{"self":[{"href":"https:\/\/philipblank.com\/sv\/wp-json\/wp\/v2\/product\/499","targetHints":{"allow":["GET"]}}],"collection":[{"href":"https:\/\/philipblank.com\/sv\/wp-json\/wp\/v2\/product"}],"about":[{"href":"https:\/\/philipblank.com\/sv\/wp-json\/wp\/v2\/types\/product"}],"wp:featuredmedia":[{"embeddable":true,"href":"https:\/\/philipblank.com\/sv\/wp-json\/wp\/v2\/media\/5963"}],"wp:attachment":[{"href":"https:\/\/philipblank.com\/sv\/wp-json\/wp\/v2\/media?parent=499"}],"wp:term":[{"taxonomy":"product_brand","embeddable":true,"href":"https:\/\/philipblank.com\/sv\/wp-json\/wp\/v2\/product_brand?post=499"},{"taxonomy":"product_cat","embeddable":true,"href":"https:\/\/philipblank.com\/sv\/wp-json\/wp\/v2\/product_cat?post=499"},{"taxonomy":"product_tag","embeddable":true,"href":"https:\/\/philipblank.com\/sv\/wp-json\/wp\/v2\/product_tag?post=499"}],"curies":[{"name":"wp","href":"https:\/\/api.w.org\/{rel}","templated":true}]}}