{"id":503,"date":"2023-05-24T09:25:03","date_gmt":"2023-05-24T07:25:03","guid":{"rendered":"https:\/\/philipblank.com\/?post_type=product&#038;p=503"},"modified":"2025-09-30T09:33:03","modified_gmt":"2025-09-30T07:33:03","slug":"panties","status":"publish","type":"product","link":"https:\/\/philipblank.com\/sv\/produkt\/panties\/","title":{"rendered":"Panties"},"content":{"rendered":"<ul>\n<li>Trosor i sk\u00f6n bomullsblandning med h\u00f6gkvalitativ stretch<\/li>\n<li>Ett brett res\u00e5rband med logotyp framtill<\/li>\n<li>Dubbla lager tyg under till f\u00f6r b\u00e4sta komfort<\/li>\n<li>93% Ekologisk bomull, Oeko Tex godk\u00e4nd bomull fr\u00e5n EU,\u00a07% Elastan<\/li>\n<li>Tillverkade i Sverige<\/li>\n<\/ul>\n","protected":false},"excerpt":{"rendered":"<p>Trosor i sk\u00f6n bomullsblandning med h\u00f6gkvalitativ stretch Ett brett res\u00e5rband med logotyp framtill Dubbla lager tyg under till f\u00f6r b\u00e4sta komfort 93% Ekologisk bomull, Oeko Tex godk\u00e4nd bomull fr\u00e5n EU,\u00a07% Elastan Tillverkade i Sverige<\/p>\n","protected":false},"featured_media":1785,"template":"","meta":{"_acf_changed":false,"inline_featured_image":false,"_monsterinsights_skip_tracking":false,"_monsterinsights_sitenote_active":false,"_monsterinsights_sitenote_note":"","_monsterinsights_sitenote_category":0,"_uf_show_specific_survey":0,"_uf_disable_surveys":false},"product_brand":[],"product_cat":[132,136],"product_tag":[],"class_list":{"0":"post-503","1":"product","2":"type-product","3":"status-publish","4":"has-post-thumbnail","6":"product_cat-woman","7":"product_cat-underklader-woman","8":"pa_storlek-l","9":"pa_storlek-m","10":"pa_storlek-s","11":"pa_storlek-xl","12":"pa_storlek-xs","14":"first","15":"instock","16":"taxable","17":"shipping-taxable","18":"purchasable","19":"product-type-variable"},"acf":[],"yoast_head":"<!-- This site is optimized with the Yoast SEO plugin v27.4 - https:\/\/yoast.com\/product\/yoast-seo-wordpress\/ -->\n<title>Panties - Philip Blank<\/title>\n<meta name=\"description\" content=\"Trosor i sk\u00f6n bomullsblandning och med bra stretch f\u00f6r ultimat komfort. Res\u00e5r med Philip Blanks logotype. Tillverkade i Sverige.\" \/>\n<meta name=\"robots\" content=\"index, follow, max-snippet:-1, max-image-preview:large, max-video-preview:-1\" \/>\n<link rel=\"canonical\" href=\"https:\/\/philipblank.com\/sv\/produkt\/panties\/\" \/>\n<meta property=\"og:locale\" content=\"sv_SE\" \/>\n<meta property=\"og:type\" content=\"article\" \/>\n<meta property=\"og:title\" content=\"Panties - Philip Blank\" \/>\n<meta property=\"og:description\" content=\"Trosor i sk\u00f6n bomullsblandning och med bra stretch f\u00f6r ultimat komfort. Res\u00e5r med Philip Blanks logotype. Tillverkade i Sverige.\" \/>\n<meta property=\"og:url\" content=\"https:\/\/philipblank.com\/sv\/produkt\/panties\/\" \/>\n<meta property=\"og:site_name\" content=\"Philip Blank\" \/>\n<meta property=\"article:publisher\" content=\"https:\/\/m.facebook.com\/PhilipBlankBrand\" \/>\n<meta property=\"article:modified_time\" content=\"2025-09-30T07:33:03+00:00\" \/>\n<meta property=\"og:image\" content=\"https:\/\/philipblank.com\/wp-content\/uploads\/2024\/02\/Wmn_Uw_F.png\" \/>\n\t<meta property=\"og:image:width\" content=\"1024\" \/>\n\t<meta property=\"og:image:height\" content=\"1400\" \/>\n\t<meta property=\"og:image:type\" content=\"image\/png\" \/>\n<meta name=\"twitter:card\" content=\"summary_large_image\" \/>\n<meta name=\"twitter:site\" content=\"@PhilipBlankSwe\" \/>\n<meta name=\"twitter:label1\" content=\"Ber\u00e4knad l\u00e4stid\" \/>\n\t<meta name=\"twitter:data1\" content=\"1 minut\" \/>\n<script type=\"application\/ld+json\" class=\"yoast-schema-graph\">{\"@context\":\"https:\\\/\\\/schema.org\",\"@graph\":[{\"@type\":\"WebPage\",\"@id\":\"https:\\\/\\\/philipblank.com\\\/sv\\\/produkt\\\/panties\\\/\",\"url\":\"https:\\\/\\\/philipblank.com\\\/sv\\\/produkt\\\/panties\\\/\",\"name\":\"Panties - Philip Blank\",\"isPartOf\":{\"@id\":\"https:\\\/\\\/philipblank.com\\\/en\\\/#website\"},\"primaryImageOfPage\":{\"@id\":\"https:\\\/\\\/philipblank.com\\\/sv\\\/produkt\\\/panties\\\/#primaryimage\"},\"image\":{\"@id\":\"https:\\\/\\\/philipblank.com\\\/sv\\\/produkt\\\/panties\\\/#primaryimage\"},\"thumbnailUrl\":\"https:\\\/\\\/philipblank.com\\\/wp-content\\\/uploads\\\/2024\\\/02\\\/Wmn_Uw_F.png\",\"datePublished\":\"2023-05-24T07:25:03+00:00\",\"dateModified\":\"2025-09-30T07:33:03+00:00\",\"description\":\"Trosor i sk\u00f6n bomullsblandning och med bra stretch f\u00f6r ultimat komfort. Res\u00e5r med Philip Blanks logotype. Tillverkade i Sverige.\",\"breadcrumb\":{\"@id\":\"https:\\\/\\\/philipblank.com\\\/sv\\\/produkt\\\/panties\\\/#breadcrumb\"},\"inLanguage\":\"sv-SE\",\"potentialAction\":[{\"@type\":\"ReadAction\",\"target\":[\"https:\\\/\\\/philipblank.com\\\/sv\\\/produkt\\\/panties\\\/\"]}]},{\"@type\":\"ImageObject\",\"inLanguage\":\"sv-SE\",\"@id\":\"https:\\\/\\\/philipblank.com\\\/sv\\\/produkt\\\/panties\\\/#primaryimage\",\"url\":\"https:\\\/\\\/philipblank.com\\\/wp-content\\\/uploads\\\/2024\\\/02\\\/Wmn_Uw_F.png\",\"contentUrl\":\"https:\\\/\\\/philipblank.com\\\/wp-content\\\/uploads\\\/2024\\\/02\\\/Wmn_Uw_F.png\",\"width\":1024,\"height\":1400,\"caption\":\"Wmn Uw F\"},{\"@type\":\"BreadcrumbList\",\"@id\":\"https:\\\/\\\/philipblank.com\\\/sv\\\/produkt\\\/panties\\\/#breadcrumb\",\"itemListElement\":[{\"@type\":\"ListItem\",\"position\":1,\"name\":\"Home\",\"item\":\"https:\\\/\\\/philipblank.com\\\/sv\\\/\"},{\"@type\":\"ListItem\",\"position\":2,\"name\":\"Store\",\"item\":\"https:\\\/\\\/philipblank.com\\\/sv\\\/butik\\\/\"},{\"@type\":\"ListItem\",\"position\":3,\"name\":\"Panties\"}]},{\"@type\":\"WebSite\",\"@id\":\"https:\\\/\\\/philipblank.com\\\/en\\\/#website\",\"url\":\"https:\\\/\\\/philipblank.com\\\/en\\\/\",\"name\":\"Philip Blank\",\"description\":\"Mode och kl\u00e4der\",\"publisher\":{\"@id\":\"https:\\\/\\\/philipblank.com\\\/en\\\/#organization\"},\"potentialAction\":[{\"@type\":\"SearchAction\",\"target\":{\"@type\":\"EntryPoint\",\"urlTemplate\":\"https:\\\/\\\/philipblank.com\\\/en\\\/?s={search_term_string}\"},\"query-input\":{\"@type\":\"PropertyValueSpecification\",\"valueRequired\":true,\"valueName\":\"search_term_string\"}}],\"inLanguage\":\"sv-SE\"},{\"@type\":\"Organization\",\"@id\":\"https:\\\/\\\/philipblank.com\\\/en\\\/#organization\",\"name\":\"Philip Blank\",\"url\":\"https:\\\/\\\/philipblank.com\\\/en\\\/\",\"logo\":{\"@type\":\"ImageObject\",\"inLanguage\":\"sv-SE\",\"@id\":\"https:\\\/\\\/philipblank.com\\\/en\\\/#\\\/schema\\\/logo\\\/image\\\/\",\"url\":\"https:\\\/\\\/philipblank.com\\\/wp-content\\\/uploads\\\/2023\\\/03\\\/logo.svg\",\"contentUrl\":\"https:\\\/\\\/philipblank.com\\\/wp-content\\\/uploads\\\/2023\\\/03\\\/logo.svg\",\"width\":1113,\"height\":519,\"caption\":\"Philip Blank\"},\"image\":{\"@id\":\"https:\\\/\\\/philipblank.com\\\/en\\\/#\\\/schema\\\/logo\\\/image\\\/\"},\"sameAs\":[\"https:\\\/\\\/m.facebook.com\\\/PhilipBlankBrand\",\"https:\\\/\\\/x.com\\\/PhilipBlankSwe\",\"https:\\\/\\\/www.instagram.com\\\/philipblankbrand\\\/\",\"https:\\\/\\\/www.linkedin.com\\\/company\\\/philip-blank\\\/?viewAsMember=true\",\"https:\\\/\\\/www.youtube.com\\\/watch?v=9ZtPcLrUQX8&ab_channel=PhilipBlank\",\"https:\\\/\\\/www.pinterest.se\\\/philipblankbrand\"]}]}<\/script>\n<!-- \/ Yoast SEO plugin. -->","yoast_head_json":{"title":"Panties - Philip Blank","description":"Trosor i sk\u00f6n bomullsblandning och med bra stretch f\u00f6r ultimat komfort. Res\u00e5r med Philip Blanks logotype. Tillverkade i Sverige.","robots":{"index":"index","follow":"follow","max-snippet":"max-snippet:-1","max-image-preview":"max-image-preview:large","max-video-preview":"max-video-preview:-1"},"canonical":"https:\/\/philipblank.com\/sv\/produkt\/panties\/","og_locale":"sv_SE","og_type":"article","og_title":"Panties - Philip Blank","og_description":"Trosor i sk\u00f6n bomullsblandning och med bra stretch f\u00f6r ultimat komfort. Res\u00e5r med Philip Blanks logotype. Tillverkade i Sverige.","og_url":"https:\/\/philipblank.com\/sv\/produkt\/panties\/","og_site_name":"Philip Blank","article_publisher":"https:\/\/m.facebook.com\/PhilipBlankBrand","article_modified_time":"2025-09-30T07:33:03+00:00","og_image":[{"width":1024,"height":1400,"url":"https:\/\/philipblank.com\/wp-content\/uploads\/2024\/02\/Wmn_Uw_F.png","type":"image\/png"}],"twitter_card":"summary_large_image","twitter_site":"@PhilipBlankSwe","twitter_misc":{"Ber\u00e4knad l\u00e4stid":"1 minut"},"schema":{"@context":"https:\/\/schema.org","@graph":[{"@type":"WebPage","@id":"https:\/\/philipblank.com\/sv\/produkt\/panties\/","url":"https:\/\/philipblank.com\/sv\/produkt\/panties\/","name":"Panties - Philip Blank","isPartOf":{"@id":"https:\/\/philipblank.com\/en\/#website"},"primaryImageOfPage":{"@id":"https:\/\/philipblank.com\/sv\/produkt\/panties\/#primaryimage"},"image":{"@id":"https:\/\/philipblank.com\/sv\/produkt\/panties\/#primaryimage"},"thumbnailUrl":"https:\/\/philipblank.com\/wp-content\/uploads\/2024\/02\/Wmn_Uw_F.png","datePublished":"2023-05-24T07:25:03+00:00","dateModified":"2025-09-30T07:33:03+00:00","description":"Trosor i sk\u00f6n bomullsblandning och med bra stretch f\u00f6r ultimat komfort. Res\u00e5r med Philip Blanks logotype. Tillverkade i Sverige.","breadcrumb":{"@id":"https:\/\/philipblank.com\/sv\/produkt\/panties\/#breadcrumb"},"inLanguage":"sv-SE","potentialAction":[{"@type":"ReadAction","target":["https:\/\/philipblank.com\/sv\/produkt\/panties\/"]}]},{"@type":"ImageObject","inLanguage":"sv-SE","@id":"https:\/\/philipblank.com\/sv\/produkt\/panties\/#primaryimage","url":"https:\/\/philipblank.com\/wp-content\/uploads\/2024\/02\/Wmn_Uw_F.png","contentUrl":"https:\/\/philipblank.com\/wp-content\/uploads\/2024\/02\/Wmn_Uw_F.png","width":1024,"height":1400,"caption":"Wmn Uw F"},{"@type":"BreadcrumbList","@id":"https:\/\/philipblank.com\/sv\/produkt\/panties\/#breadcrumb","itemListElement":[{"@type":"ListItem","position":1,"name":"Home","item":"https:\/\/philipblank.com\/sv\/"},{"@type":"ListItem","position":2,"name":"Store","item":"https:\/\/philipblank.com\/sv\/butik\/"},{"@type":"ListItem","position":3,"name":"Panties"}]},{"@type":"WebSite","@id":"https:\/\/philipblank.com\/en\/#website","url":"https:\/\/philipblank.com\/en\/","name":"Philip Blank","description":"Mode och kl\u00e4der","publisher":{"@id":"https:\/\/philipblank.com\/en\/#organization"},"potentialAction":[{"@type":"SearchAction","target":{"@type":"EntryPoint","urlTemplate":"https:\/\/philipblank.com\/en\/?s={search_term_string}"},"query-input":{"@type":"PropertyValueSpecification","valueRequired":true,"valueName":"search_term_string"}}],"inLanguage":"sv-SE"},{"@type":"Organization","@id":"https:\/\/philipblank.com\/en\/#organization","name":"Philip Blank","url":"https:\/\/philipblank.com\/en\/","logo":{"@type":"ImageObject","inLanguage":"sv-SE","@id":"https:\/\/philipblank.com\/en\/#\/schema\/logo\/image\/","url":"https:\/\/philipblank.com\/wp-content\/uploads\/2023\/03\/logo.svg","contentUrl":"https:\/\/philipblank.com\/wp-content\/uploads\/2023\/03\/logo.svg","width":1113,"height":519,"caption":"Philip Blank"},"image":{"@id":"https:\/\/philipblank.com\/en\/#\/schema\/logo\/image\/"},"sameAs":["https:\/\/m.facebook.com\/PhilipBlankBrand","https:\/\/x.com\/PhilipBlankSwe","https:\/\/www.instagram.com\/philipblankbrand\/","https:\/\/www.linkedin.com\/company\/philip-blank\/?viewAsMember=true","https:\/\/www.youtube.com\/watch?v=9ZtPcLrUQX8&ab_channel=PhilipBlank","https:\/\/www.pinterest.se\/philipblankbrand"]}]}},"_links":{"self":[{"href":"https:\/\/philipblank.com\/sv\/wp-json\/wp\/v2\/product\/503","targetHints":{"allow":["GET"]}}],"collection":[{"href":"https:\/\/philipblank.com\/sv\/wp-json\/wp\/v2\/product"}],"about":[{"href":"https:\/\/philipblank.com\/sv\/wp-json\/wp\/v2\/types\/product"}],"wp:featuredmedia":[{"embeddable":true,"href":"https:\/\/philipblank.com\/sv\/wp-json\/wp\/v2\/media\/1785"}],"wp:attachment":[{"href":"https:\/\/philipblank.com\/sv\/wp-json\/wp\/v2\/media?parent=503"}],"wp:term":[{"taxonomy":"product_brand","embeddable":true,"href":"https:\/\/philipblank.com\/sv\/wp-json\/wp\/v2\/product_brand?post=503"},{"taxonomy":"product_cat","embeddable":true,"href":"https:\/\/philipblank.com\/sv\/wp-json\/wp\/v2\/product_cat?post=503"},{"taxonomy":"product_tag","embeddable":true,"href":"https:\/\/philipblank.com\/sv\/wp-json\/wp\/v2\/product_tag?post=503"}],"curies":[{"name":"wp","href":"https:\/\/api.w.org\/{rel}","templated":true}]}}