{"id":506,"date":"2023-05-24T09:43:40","date_gmt":"2023-05-24T07:43:40","guid":{"rendered":"https:\/\/philipblank.com\/?post_type=product&#038;p=506"},"modified":"2025-09-30T09:55:17","modified_gmt":"2025-09-30T07:55:17","slug":"pin-buckle-belt-with-stitches","status":"publish","type":"product","link":"https:\/\/philipblank.com\/sv\/produkt\/pin-buckle-belt-with-stitches\/","title":{"rendered":"Pin buckle belt (with stitches)"},"content":{"rendered":"<ul>\n<li>Svart b\u00e4lte i svenskt \u00e4kta l\u00e4der<\/li>\n<li>Sp\u00e4nne i borstad gun metal med graverad logga<\/li>\n<li>Instansad logotype, slogan och storlek insida b\u00e4lte<\/li>\n<li>H\u00f6jd 35 mm<\/li>\n<li>Tillverkad i Sverige<\/li>\n<\/ul>\n","protected":false},"excerpt":{"rendered":"<p>Svart b\u00e4lte i svenskt \u00e4kta l\u00e4der Sp\u00e4nne i borstad gun metal med graverad logga Instansad logotype, slogan och storlek insida b\u00e4lte H\u00f6jd 35 mm Tillverkad i Sverige<\/p>\n","protected":false},"featured_media":5901,"template":"","meta":{"_acf_changed":false,"inline_featured_image":false,"_monsterinsights_skip_tracking":false,"_monsterinsights_sitenote_active":false,"_monsterinsights_sitenote_note":"","_monsterinsights_sitenote_category":0,"_uf_show_specific_survey":0,"_uf_disable_surveys":false},"product_brand":[],"product_cat":[64,217,131],"product_tag":[],"class_list":{"0":"post-506","1":"product","2":"type-product","3":"status-publish","4":"has-post-thumbnail","6":"product_cat-accessoarer","7":"product_cat-balten","8":"product_cat-men","9":"pa_farg-svart","10":"pa_storlek-100-cm","11":"pa_storlek-105-cm","12":"pa_storlek-85-cm","13":"pa_storlek-90-cm","14":"pa_storlek-95-cm","16":"first","17":"instock","18":"taxable","19":"shipping-taxable","20":"purchasable","21":"product-type-variable"},"acf":[],"yoast_head":"<!-- This site is optimized with the Yoast SEO plugin v27.4 - https:\/\/yoast.com\/product\/yoast-seo-wordpress\/ -->\n<title>Pin buckle belt (with stitches) - Philip Blank<\/title>\n<meta name=\"description\" content=\"Svart sk\u00e4rp i \u00e4kta svenskt l\u00e4der av h\u00f6gsta kvalitet, tillverkat i Sverige. Philip Blanks logotyp stansad i sp\u00e4nne med &quot;black metal&quot; borstad finish.\" \/>\n<meta name=\"robots\" content=\"index, follow, max-snippet:-1, max-image-preview:large, max-video-preview:-1\" \/>\n<link rel=\"canonical\" href=\"https:\/\/philipblank.com\/sv\/produkt\/pin-buckle-belt-with-stitches\/\" \/>\n<meta property=\"og:locale\" content=\"sv_SE\" \/>\n<meta property=\"og:type\" content=\"article\" \/>\n<meta property=\"og:title\" content=\"Pin buckle belt (with stitches) - Philip Blank\" \/>\n<meta property=\"og:description\" content=\"Svart sk\u00e4rp i \u00e4kta svenskt l\u00e4der av h\u00f6gsta kvalitet, tillverkat i Sverige. Philip Blanks logotyp stansad i sp\u00e4nne med &quot;black metal&quot; borstad finish.\" \/>\n<meta property=\"og:url\" content=\"https:\/\/philipblank.com\/sv\/produkt\/pin-buckle-belt-with-stitches\/\" \/>\n<meta property=\"og:site_name\" content=\"Philip Blank\" \/>\n<meta property=\"article:publisher\" content=\"https:\/\/m.facebook.com\/PhilipBlankBrand\" \/>\n<meta property=\"article:modified_time\" content=\"2025-09-30T07:55:17+00:00\" \/>\n<meta property=\"og:image\" content=\"https:\/\/philipblank.com\/wp-content\/uploads\/2023\/05\/Belt_04_D.png\" \/>\n\t<meta property=\"og:image:width\" content=\"2560\" \/>\n\t<meta property=\"og:image:height\" content=\"3500\" \/>\n\t<meta property=\"og:image:type\" content=\"image\/png\" \/>\n<meta name=\"twitter:card\" content=\"summary_large_image\" \/>\n<meta name=\"twitter:site\" content=\"@PhilipBlankSwe\" \/>\n<meta name=\"twitter:label1\" content=\"Ber\u00e4knad l\u00e4stid\" \/>\n\t<meta name=\"twitter:data1\" content=\"1 minut\" \/>\n<script type=\"application\/ld+json\" class=\"yoast-schema-graph\">{\"@context\":\"https:\\\/\\\/schema.org\",\"@graph\":[{\"@type\":\"WebPage\",\"@id\":\"https:\\\/\\\/philipblank.com\\\/sv\\\/produkt\\\/pin-buckle-belt-with-stitches\\\/\",\"url\":\"https:\\\/\\\/philipblank.com\\\/sv\\\/produkt\\\/pin-buckle-belt-with-stitches\\\/\",\"name\":\"Pin buckle belt (with stitches) - Philip Blank\",\"isPartOf\":{\"@id\":\"https:\\\/\\\/philipblank.com\\\/en\\\/#website\"},\"primaryImageOfPage\":{\"@id\":\"https:\\\/\\\/philipblank.com\\\/sv\\\/produkt\\\/pin-buckle-belt-with-stitches\\\/#primaryimage\"},\"image\":{\"@id\":\"https:\\\/\\\/philipblank.com\\\/sv\\\/produkt\\\/pin-buckle-belt-with-stitches\\\/#primaryimage\"},\"thumbnailUrl\":\"https:\\\/\\\/philipblank.com\\\/wp-content\\\/uploads\\\/2023\\\/05\\\/Belt_04_D.png\",\"datePublished\":\"2023-05-24T07:43:40+00:00\",\"dateModified\":\"2025-09-30T07:55:17+00:00\",\"description\":\"Svart sk\u00e4rp i \u00e4kta svenskt l\u00e4der av h\u00f6gsta kvalitet, tillverkat i Sverige. Philip Blanks logotyp stansad i sp\u00e4nne med \\\"black metal\\\" borstad finish.\",\"breadcrumb\":{\"@id\":\"https:\\\/\\\/philipblank.com\\\/sv\\\/produkt\\\/pin-buckle-belt-with-stitches\\\/#breadcrumb\"},\"inLanguage\":\"sv-SE\",\"potentialAction\":[{\"@type\":\"ReadAction\",\"target\":[\"https:\\\/\\\/philipblank.com\\\/sv\\\/produkt\\\/pin-buckle-belt-with-stitches\\\/\"]}]},{\"@type\":\"ImageObject\",\"inLanguage\":\"sv-SE\",\"@id\":\"https:\\\/\\\/philipblank.com\\\/sv\\\/produkt\\\/pin-buckle-belt-with-stitches\\\/#primaryimage\",\"url\":\"https:\\\/\\\/philipblank.com\\\/wp-content\\\/uploads\\\/2023\\\/05\\\/Belt_04_D.png\",\"contentUrl\":\"https:\\\/\\\/philipblank.com\\\/wp-content\\\/uploads\\\/2023\\\/05\\\/Belt_04_D.png\",\"width\":2560,\"height\":3500,\"caption\":\"Belt 04 D\"},{\"@type\":\"BreadcrumbList\",\"@id\":\"https:\\\/\\\/philipblank.com\\\/sv\\\/produkt\\\/pin-buckle-belt-with-stitches\\\/#breadcrumb\",\"itemListElement\":[{\"@type\":\"ListItem\",\"position\":1,\"name\":\"Home\",\"item\":\"https:\\\/\\\/philipblank.com\\\/sv\\\/\"},{\"@type\":\"ListItem\",\"position\":2,\"name\":\"Store\",\"item\":\"https:\\\/\\\/philipblank.com\\\/sv\\\/butik\\\/\"},{\"@type\":\"ListItem\",\"position\":3,\"name\":\"Pin buckle belt (with stitches)\"}]},{\"@type\":\"WebSite\",\"@id\":\"https:\\\/\\\/philipblank.com\\\/en\\\/#website\",\"url\":\"https:\\\/\\\/philipblank.com\\\/en\\\/\",\"name\":\"Philip Blank\",\"description\":\"Mode och kl\u00e4der\",\"publisher\":{\"@id\":\"https:\\\/\\\/philipblank.com\\\/en\\\/#organization\"},\"potentialAction\":[{\"@type\":\"SearchAction\",\"target\":{\"@type\":\"EntryPoint\",\"urlTemplate\":\"https:\\\/\\\/philipblank.com\\\/en\\\/?s={search_term_string}\"},\"query-input\":{\"@type\":\"PropertyValueSpecification\",\"valueRequired\":true,\"valueName\":\"search_term_string\"}}],\"inLanguage\":\"sv-SE\"},{\"@type\":\"Organization\",\"@id\":\"https:\\\/\\\/philipblank.com\\\/en\\\/#organization\",\"name\":\"Philip Blank\",\"url\":\"https:\\\/\\\/philipblank.com\\\/en\\\/\",\"logo\":{\"@type\":\"ImageObject\",\"inLanguage\":\"sv-SE\",\"@id\":\"https:\\\/\\\/philipblank.com\\\/en\\\/#\\\/schema\\\/logo\\\/image\\\/\",\"url\":\"https:\\\/\\\/philipblank.com\\\/wp-content\\\/uploads\\\/2023\\\/03\\\/logo.svg\",\"contentUrl\":\"https:\\\/\\\/philipblank.com\\\/wp-content\\\/uploads\\\/2023\\\/03\\\/logo.svg\",\"width\":1113,\"height\":519,\"caption\":\"Philip Blank\"},\"image\":{\"@id\":\"https:\\\/\\\/philipblank.com\\\/en\\\/#\\\/schema\\\/logo\\\/image\\\/\"},\"sameAs\":[\"https:\\\/\\\/m.facebook.com\\\/PhilipBlankBrand\",\"https:\\\/\\\/x.com\\\/PhilipBlankSwe\",\"https:\\\/\\\/www.instagram.com\\\/philipblankbrand\\\/\",\"https:\\\/\\\/www.linkedin.com\\\/company\\\/philip-blank\\\/?viewAsMember=true\",\"https:\\\/\\\/www.youtube.com\\\/watch?v=9ZtPcLrUQX8&ab_channel=PhilipBlank\",\"https:\\\/\\\/www.pinterest.se\\\/philipblankbrand\"]}]}<\/script>\n<!-- \/ Yoast SEO plugin. -->","yoast_head_json":{"title":"Pin buckle belt (with stitches) - Philip Blank","description":"Svart sk\u00e4rp i \u00e4kta svenskt l\u00e4der av h\u00f6gsta kvalitet, tillverkat i Sverige. Philip Blanks logotyp stansad i sp\u00e4nne med \"black metal\" borstad finish.","robots":{"index":"index","follow":"follow","max-snippet":"max-snippet:-1","max-image-preview":"max-image-preview:large","max-video-preview":"max-video-preview:-1"},"canonical":"https:\/\/philipblank.com\/sv\/produkt\/pin-buckle-belt-with-stitches\/","og_locale":"sv_SE","og_type":"article","og_title":"Pin buckle belt (with stitches) - Philip Blank","og_description":"Svart sk\u00e4rp i \u00e4kta svenskt l\u00e4der av h\u00f6gsta kvalitet, tillverkat i Sverige. Philip Blanks logotyp stansad i sp\u00e4nne med \"black metal\" borstad finish.","og_url":"https:\/\/philipblank.com\/sv\/produkt\/pin-buckle-belt-with-stitches\/","og_site_name":"Philip Blank","article_publisher":"https:\/\/m.facebook.com\/PhilipBlankBrand","article_modified_time":"2025-09-30T07:55:17+00:00","og_image":[{"width":2560,"height":3500,"url":"https:\/\/philipblank.com\/wp-content\/uploads\/2023\/05\/Belt_04_D.png","type":"image\/png"}],"twitter_card":"summary_large_image","twitter_site":"@PhilipBlankSwe","twitter_misc":{"Ber\u00e4knad l\u00e4stid":"1 minut"},"schema":{"@context":"https:\/\/schema.org","@graph":[{"@type":"WebPage","@id":"https:\/\/philipblank.com\/sv\/produkt\/pin-buckle-belt-with-stitches\/","url":"https:\/\/philipblank.com\/sv\/produkt\/pin-buckle-belt-with-stitches\/","name":"Pin buckle belt (with stitches) - Philip Blank","isPartOf":{"@id":"https:\/\/philipblank.com\/en\/#website"},"primaryImageOfPage":{"@id":"https:\/\/philipblank.com\/sv\/produkt\/pin-buckle-belt-with-stitches\/#primaryimage"},"image":{"@id":"https:\/\/philipblank.com\/sv\/produkt\/pin-buckle-belt-with-stitches\/#primaryimage"},"thumbnailUrl":"https:\/\/philipblank.com\/wp-content\/uploads\/2023\/05\/Belt_04_D.png","datePublished":"2023-05-24T07:43:40+00:00","dateModified":"2025-09-30T07:55:17+00:00","description":"Svart sk\u00e4rp i \u00e4kta svenskt l\u00e4der av h\u00f6gsta kvalitet, tillverkat i Sverige. Philip Blanks logotyp stansad i sp\u00e4nne med \"black metal\" borstad finish.","breadcrumb":{"@id":"https:\/\/philipblank.com\/sv\/produkt\/pin-buckle-belt-with-stitches\/#breadcrumb"},"inLanguage":"sv-SE","potentialAction":[{"@type":"ReadAction","target":["https:\/\/philipblank.com\/sv\/produkt\/pin-buckle-belt-with-stitches\/"]}]},{"@type":"ImageObject","inLanguage":"sv-SE","@id":"https:\/\/philipblank.com\/sv\/produkt\/pin-buckle-belt-with-stitches\/#primaryimage","url":"https:\/\/philipblank.com\/wp-content\/uploads\/2023\/05\/Belt_04_D.png","contentUrl":"https:\/\/philipblank.com\/wp-content\/uploads\/2023\/05\/Belt_04_D.png","width":2560,"height":3500,"caption":"Belt 04 D"},{"@type":"BreadcrumbList","@id":"https:\/\/philipblank.com\/sv\/produkt\/pin-buckle-belt-with-stitches\/#breadcrumb","itemListElement":[{"@type":"ListItem","position":1,"name":"Home","item":"https:\/\/philipblank.com\/sv\/"},{"@type":"ListItem","position":2,"name":"Store","item":"https:\/\/philipblank.com\/sv\/butik\/"},{"@type":"ListItem","position":3,"name":"Pin buckle belt (with stitches)"}]},{"@type":"WebSite","@id":"https:\/\/philipblank.com\/en\/#website","url":"https:\/\/philipblank.com\/en\/","name":"Philip Blank","description":"Mode och kl\u00e4der","publisher":{"@id":"https:\/\/philipblank.com\/en\/#organization"},"potentialAction":[{"@type":"SearchAction","target":{"@type":"EntryPoint","urlTemplate":"https:\/\/philipblank.com\/en\/?s={search_term_string}"},"query-input":{"@type":"PropertyValueSpecification","valueRequired":true,"valueName":"search_term_string"}}],"inLanguage":"sv-SE"},{"@type":"Organization","@id":"https:\/\/philipblank.com\/en\/#organization","name":"Philip Blank","url":"https:\/\/philipblank.com\/en\/","logo":{"@type":"ImageObject","inLanguage":"sv-SE","@id":"https:\/\/philipblank.com\/en\/#\/schema\/logo\/image\/","url":"https:\/\/philipblank.com\/wp-content\/uploads\/2023\/03\/logo.svg","contentUrl":"https:\/\/philipblank.com\/wp-content\/uploads\/2023\/03\/logo.svg","width":1113,"height":519,"caption":"Philip Blank"},"image":{"@id":"https:\/\/philipblank.com\/en\/#\/schema\/logo\/image\/"},"sameAs":["https:\/\/m.facebook.com\/PhilipBlankBrand","https:\/\/x.com\/PhilipBlankSwe","https:\/\/www.instagram.com\/philipblankbrand\/","https:\/\/www.linkedin.com\/company\/philip-blank\/?viewAsMember=true","https:\/\/www.youtube.com\/watch?v=9ZtPcLrUQX8&ab_channel=PhilipBlank","https:\/\/www.pinterest.se\/philipblankbrand"]}]}},"_links":{"self":[{"href":"https:\/\/philipblank.com\/sv\/wp-json\/wp\/v2\/product\/506","targetHints":{"allow":["GET"]}}],"collection":[{"href":"https:\/\/philipblank.com\/sv\/wp-json\/wp\/v2\/product"}],"about":[{"href":"https:\/\/philipblank.com\/sv\/wp-json\/wp\/v2\/types\/product"}],"wp:featuredmedia":[{"embeddable":true,"href":"https:\/\/philipblank.com\/sv\/wp-json\/wp\/v2\/media\/5901"}],"wp:attachment":[{"href":"https:\/\/philipblank.com\/sv\/wp-json\/wp\/v2\/media?parent=506"}],"wp:term":[{"taxonomy":"product_brand","embeddable":true,"href":"https:\/\/philipblank.com\/sv\/wp-json\/wp\/v2\/product_brand?post=506"},{"taxonomy":"product_cat","embeddable":true,"href":"https:\/\/philipblank.com\/sv\/wp-json\/wp\/v2\/product_cat?post=506"},{"taxonomy":"product_tag","embeddable":true,"href":"https:\/\/philipblank.com\/sv\/wp-json\/wp\/v2\/product_tag?post=506"}],"curies":[{"name":"wp","href":"https:\/\/api.w.org\/{rel}","templated":true}]}}