{"id":516,"date":"2023-05-24T14:26:56","date_gmt":"2023-05-24T12:26:56","guid":{"rendered":"https:\/\/philipblank.com\/?post_type=product&#038;p=516"},"modified":"2025-09-30T13:27:32","modified_gmt":"2025-09-30T11:27:32","slug":"waistcoat","status":"publish","type":"product","link":"https:\/\/philipblank.com\/sv\/produkt\/waistcoat\/","title":{"rendered":"Waistcoat"},"content":{"rendered":"<ul>\n<li>Exklusiv v\u00e4st i Italiensk tygblandning 65% ull 35% silke med\u00a0100% kuprofoder<\/li>\n<li>M\u00f6rkgr\u00e5 med ljusgr\u00e5tt rutigt m\u00f6nster<\/li>\n<li>Bakstycke i svart siden och fodrad med svart kupro<\/li>\n<li>Svarta p\u00e4rlemoknappar med logotyp graverad diskret runtom<\/li>\n<li>Rakst\u00e4lld dubbelpasspoalerad ficka p\u00e5 v\u00e4nster br\u00f6st<\/li>\n<li>Handsydd i Sverige<\/li>\n<\/ul>\n<p>&nbsp;<\/p>\n","protected":false},"excerpt":{"rendered":"<p>Exklusiv v\u00e4st i Italiensk tygblandning 65% ull 35% silke med\u00a0100% kuprofoder M\u00f6rkgr\u00e5 med ljusgr\u00e5tt rutigt m\u00f6nster Bakstycke i svart siden och fodrad med svart kupro Svarta p\u00e4rlemoknappar med logotyp graverad diskret runtom Rakst\u00e4lld dubbelpasspoalerad ficka p\u00e5 v\u00e4nster br\u00f6st Handsydd i Sverige &nbsp;<\/p>\n","protected":false},"featured_media":5427,"template":"","meta":{"_acf_changed":false,"inline_featured_image":false,"_monsterinsights_skip_tracking":false,"_monsterinsights_sitenote_active":false,"_monsterinsights_sitenote_note":"","_monsterinsights_sitenote_category":0,"_uf_show_specific_survey":0,"_uf_disable_surveys":false},"product_brand":[],"product_cat":[131,78],"product_tag":[],"class_list":{"0":"post-516","1":"product","2":"type-product","3":"status-publish","4":"has-post-thumbnail","6":"product_cat-men","7":"product_cat-vastar","8":"pa_farg-svart","9":"pa_storlek-92","10":"pa_storlek-93","11":"pa_storlek-94","12":"pa_storlek-95","13":"pa_storlek-96","14":"pa_storlek-97","15":"pa_storlek-98","17":"first","18":"instock","19":"taxable","20":"shipping-taxable","21":"purchasable","22":"product-type-variable"},"acf":[],"yoast_head":"<!-- This site is optimized with the Yoast SEO plugin v27.5 - https:\/\/yoast.com\/product\/yoast-seo-wordpress\/ -->\n<title>Waistcoat - Philip Blank<\/title>\n<meta name=\"description\" content=\"Svart och m\u00f6rkgr\u00e5 v\u00e4st tillverkad i begr\u00e4nsad upplaga. Sydd i Sverige med noggrant utvalt ull och silke fr\u00e5n Italien f\u00f6r en tidl\u00f6s och stilfull look.\" \/>\n<meta name=\"robots\" content=\"index, follow, max-snippet:-1, max-image-preview:large, max-video-preview:-1\" \/>\n<link rel=\"canonical\" href=\"https:\/\/philipblank.com\/sv\/produkt\/waistcoat\/\" \/>\n<meta property=\"og:locale\" content=\"sv_SE\" \/>\n<meta property=\"og:type\" content=\"article\" \/>\n<meta property=\"og:title\" content=\"Waistcoat - Philip Blank\" \/>\n<meta property=\"og:description\" content=\"Svart och m\u00f6rkgr\u00e5 v\u00e4st tillverkad i begr\u00e4nsad upplaga. Sydd i Sverige med noggrant utvalt ull och silke fr\u00e5n Italien f\u00f6r en tidl\u00f6s och stilfull look.\" \/>\n<meta property=\"og:url\" content=\"https:\/\/philipblank.com\/sv\/produkt\/waistcoat\/\" \/>\n<meta property=\"og:site_name\" content=\"Philip Blank\" \/>\n<meta property=\"article:publisher\" content=\"https:\/\/m.facebook.com\/PhilipBlankBrand\" \/>\n<meta property=\"article:modified_time\" content=\"2025-09-30T11:27:32+00:00\" \/>\n<meta property=\"og:image\" content=\"https:\/\/philipblank.com\/wp-content\/uploads\/2023\/05\/Vest_F.png\" \/>\n\t<meta property=\"og:image:width\" content=\"1024\" \/>\n\t<meta property=\"og:image:height\" content=\"1400\" \/>\n\t<meta property=\"og:image:type\" content=\"image\/png\" \/>\n<meta name=\"twitter:card\" content=\"summary_large_image\" \/>\n<meta name=\"twitter:site\" content=\"@PhilipBlankSwe\" \/>\n<meta name=\"twitter:label1\" content=\"Ber\u00e4knad l\u00e4stid\" \/>\n\t<meta name=\"twitter:data1\" content=\"1 minut\" \/>\n<script type=\"application\/ld+json\" class=\"yoast-schema-graph\">{\"@context\":\"https:\\\/\\\/schema.org\",\"@graph\":[{\"@type\":\"WebPage\",\"@id\":\"https:\\\/\\\/philipblank.com\\\/sv\\\/produkt\\\/waistcoat\\\/\",\"url\":\"https:\\\/\\\/philipblank.com\\\/sv\\\/produkt\\\/waistcoat\\\/\",\"name\":\"Waistcoat - Philip Blank\",\"isPartOf\":{\"@id\":\"https:\\\/\\\/philipblank.com\\\/en\\\/#website\"},\"primaryImageOfPage\":{\"@id\":\"https:\\\/\\\/philipblank.com\\\/sv\\\/produkt\\\/waistcoat\\\/#primaryimage\"},\"image\":{\"@id\":\"https:\\\/\\\/philipblank.com\\\/sv\\\/produkt\\\/waistcoat\\\/#primaryimage\"},\"thumbnailUrl\":\"https:\\\/\\\/philipblank.com\\\/wp-content\\\/uploads\\\/2023\\\/05\\\/Vest_F.png\",\"datePublished\":\"2023-05-24T12:26:56+00:00\",\"dateModified\":\"2025-09-30T11:27:32+00:00\",\"description\":\"Svart och m\u00f6rkgr\u00e5 v\u00e4st tillverkad i begr\u00e4nsad upplaga. Sydd i Sverige med noggrant utvalt ull och silke fr\u00e5n Italien f\u00f6r en tidl\u00f6s och stilfull look.\",\"breadcrumb\":{\"@id\":\"https:\\\/\\\/philipblank.com\\\/sv\\\/produkt\\\/waistcoat\\\/#breadcrumb\"},\"inLanguage\":\"sv-SE\",\"potentialAction\":[{\"@type\":\"ReadAction\",\"target\":[\"https:\\\/\\\/philipblank.com\\\/sv\\\/produkt\\\/waistcoat\\\/\"]}]},{\"@type\":\"ImageObject\",\"inLanguage\":\"sv-SE\",\"@id\":\"https:\\\/\\\/philipblank.com\\\/sv\\\/produkt\\\/waistcoat\\\/#primaryimage\",\"url\":\"https:\\\/\\\/philipblank.com\\\/wp-content\\\/uploads\\\/2023\\\/05\\\/Vest_F.png\",\"contentUrl\":\"https:\\\/\\\/philipblank.com\\\/wp-content\\\/uploads\\\/2023\\\/05\\\/Vest_F.png\",\"width\":1024,\"height\":1400,\"caption\":\"Vest F\"},{\"@type\":\"BreadcrumbList\",\"@id\":\"https:\\\/\\\/philipblank.com\\\/sv\\\/produkt\\\/waistcoat\\\/#breadcrumb\",\"itemListElement\":[{\"@type\":\"ListItem\",\"position\":1,\"name\":\"Home\",\"item\":\"https:\\\/\\\/philipblank.com\\\/sv\\\/\"},{\"@type\":\"ListItem\",\"position\":2,\"name\":\"Store\",\"item\":\"https:\\\/\\\/philipblank.com\\\/sv\\\/butik\\\/\"},{\"@type\":\"ListItem\",\"position\":3,\"name\":\"Waistcoat\"}]},{\"@type\":\"WebSite\",\"@id\":\"https:\\\/\\\/philipblank.com\\\/en\\\/#website\",\"url\":\"https:\\\/\\\/philipblank.com\\\/en\\\/\",\"name\":\"Philip Blank\",\"description\":\"Mode och kl\u00e4der\",\"publisher\":{\"@id\":\"https:\\\/\\\/philipblank.com\\\/en\\\/#organization\"},\"potentialAction\":[{\"@type\":\"SearchAction\",\"target\":{\"@type\":\"EntryPoint\",\"urlTemplate\":\"https:\\\/\\\/philipblank.com\\\/en\\\/?s={search_term_string}\"},\"query-input\":{\"@type\":\"PropertyValueSpecification\",\"valueRequired\":true,\"valueName\":\"search_term_string\"}}],\"inLanguage\":\"sv-SE\"},{\"@type\":\"Organization\",\"@id\":\"https:\\\/\\\/philipblank.com\\\/en\\\/#organization\",\"name\":\"Philip Blank\",\"url\":\"https:\\\/\\\/philipblank.com\\\/en\\\/\",\"logo\":{\"@type\":\"ImageObject\",\"inLanguage\":\"sv-SE\",\"@id\":\"https:\\\/\\\/philipblank.com\\\/en\\\/#\\\/schema\\\/logo\\\/image\\\/\",\"url\":\"https:\\\/\\\/philipblank.com\\\/wp-content\\\/uploads\\\/2023\\\/03\\\/logo.svg\",\"contentUrl\":\"https:\\\/\\\/philipblank.com\\\/wp-content\\\/uploads\\\/2023\\\/03\\\/logo.svg\",\"width\":1113,\"height\":519,\"caption\":\"Philip Blank\"},\"image\":{\"@id\":\"https:\\\/\\\/philipblank.com\\\/en\\\/#\\\/schema\\\/logo\\\/image\\\/\"},\"sameAs\":[\"https:\\\/\\\/m.facebook.com\\\/PhilipBlankBrand\",\"https:\\\/\\\/x.com\\\/PhilipBlankSwe\",\"https:\\\/\\\/www.instagram.com\\\/philipblankbrand\\\/\",\"https:\\\/\\\/www.linkedin.com\\\/company\\\/philip-blank\\\/?viewAsMember=true\",\"https:\\\/\\\/www.youtube.com\\\/watch?v=9ZtPcLrUQX8&ab_channel=PhilipBlank\",\"https:\\\/\\\/www.pinterest.se\\\/philipblankbrand\"]}]}<\/script>\n<!-- \/ Yoast SEO plugin. -->","yoast_head_json":{"title":"Waistcoat - Philip Blank","description":"Svart och m\u00f6rkgr\u00e5 v\u00e4st tillverkad i begr\u00e4nsad upplaga. Sydd i Sverige med noggrant utvalt ull och silke fr\u00e5n Italien f\u00f6r en tidl\u00f6s och stilfull look.","robots":{"index":"index","follow":"follow","max-snippet":"max-snippet:-1","max-image-preview":"max-image-preview:large","max-video-preview":"max-video-preview:-1"},"canonical":"https:\/\/philipblank.com\/sv\/produkt\/waistcoat\/","og_locale":"sv_SE","og_type":"article","og_title":"Waistcoat - Philip Blank","og_description":"Svart och m\u00f6rkgr\u00e5 v\u00e4st tillverkad i begr\u00e4nsad upplaga. Sydd i Sverige med noggrant utvalt ull och silke fr\u00e5n Italien f\u00f6r en tidl\u00f6s och stilfull look.","og_url":"https:\/\/philipblank.com\/sv\/produkt\/waistcoat\/","og_site_name":"Philip Blank","article_publisher":"https:\/\/m.facebook.com\/PhilipBlankBrand","article_modified_time":"2025-09-30T11:27:32+00:00","og_image":[{"width":1024,"height":1400,"url":"https:\/\/philipblank.com\/wp-content\/uploads\/2023\/05\/Vest_F.png","type":"image\/png"}],"twitter_card":"summary_large_image","twitter_site":"@PhilipBlankSwe","twitter_misc":{"Ber\u00e4knad l\u00e4stid":"1 minut"},"schema":{"@context":"https:\/\/schema.org","@graph":[{"@type":"WebPage","@id":"https:\/\/philipblank.com\/sv\/produkt\/waistcoat\/","url":"https:\/\/philipblank.com\/sv\/produkt\/waistcoat\/","name":"Waistcoat - Philip Blank","isPartOf":{"@id":"https:\/\/philipblank.com\/en\/#website"},"primaryImageOfPage":{"@id":"https:\/\/philipblank.com\/sv\/produkt\/waistcoat\/#primaryimage"},"image":{"@id":"https:\/\/philipblank.com\/sv\/produkt\/waistcoat\/#primaryimage"},"thumbnailUrl":"https:\/\/philipblank.com\/wp-content\/uploads\/2023\/05\/Vest_F.png","datePublished":"2023-05-24T12:26:56+00:00","dateModified":"2025-09-30T11:27:32+00:00","description":"Svart och m\u00f6rkgr\u00e5 v\u00e4st tillverkad i begr\u00e4nsad upplaga. Sydd i Sverige med noggrant utvalt ull och silke fr\u00e5n Italien f\u00f6r en tidl\u00f6s och stilfull look.","breadcrumb":{"@id":"https:\/\/philipblank.com\/sv\/produkt\/waistcoat\/#breadcrumb"},"inLanguage":"sv-SE","potentialAction":[{"@type":"ReadAction","target":["https:\/\/philipblank.com\/sv\/produkt\/waistcoat\/"]}]},{"@type":"ImageObject","inLanguage":"sv-SE","@id":"https:\/\/philipblank.com\/sv\/produkt\/waistcoat\/#primaryimage","url":"https:\/\/philipblank.com\/wp-content\/uploads\/2023\/05\/Vest_F.png","contentUrl":"https:\/\/philipblank.com\/wp-content\/uploads\/2023\/05\/Vest_F.png","width":1024,"height":1400,"caption":"Vest F"},{"@type":"BreadcrumbList","@id":"https:\/\/philipblank.com\/sv\/produkt\/waistcoat\/#breadcrumb","itemListElement":[{"@type":"ListItem","position":1,"name":"Home","item":"https:\/\/philipblank.com\/sv\/"},{"@type":"ListItem","position":2,"name":"Store","item":"https:\/\/philipblank.com\/sv\/butik\/"},{"@type":"ListItem","position":3,"name":"Waistcoat"}]},{"@type":"WebSite","@id":"https:\/\/philipblank.com\/en\/#website","url":"https:\/\/philipblank.com\/en\/","name":"Philip Blank","description":"Mode och kl\u00e4der","publisher":{"@id":"https:\/\/philipblank.com\/en\/#organization"},"potentialAction":[{"@type":"SearchAction","target":{"@type":"EntryPoint","urlTemplate":"https:\/\/philipblank.com\/en\/?s={search_term_string}"},"query-input":{"@type":"PropertyValueSpecification","valueRequired":true,"valueName":"search_term_string"}}],"inLanguage":"sv-SE"},{"@type":"Organization","@id":"https:\/\/philipblank.com\/en\/#organization","name":"Philip Blank","url":"https:\/\/philipblank.com\/en\/","logo":{"@type":"ImageObject","inLanguage":"sv-SE","@id":"https:\/\/philipblank.com\/en\/#\/schema\/logo\/image\/","url":"https:\/\/philipblank.com\/wp-content\/uploads\/2023\/03\/logo.svg","contentUrl":"https:\/\/philipblank.com\/wp-content\/uploads\/2023\/03\/logo.svg","width":1113,"height":519,"caption":"Philip Blank"},"image":{"@id":"https:\/\/philipblank.com\/en\/#\/schema\/logo\/image\/"},"sameAs":["https:\/\/m.facebook.com\/PhilipBlankBrand","https:\/\/x.com\/PhilipBlankSwe","https:\/\/www.instagram.com\/philipblankbrand\/","https:\/\/www.linkedin.com\/company\/philip-blank\/?viewAsMember=true","https:\/\/www.youtube.com\/watch?v=9ZtPcLrUQX8&ab_channel=PhilipBlank","https:\/\/www.pinterest.se\/philipblankbrand"]}]}},"_links":{"self":[{"href":"https:\/\/philipblank.com\/sv\/wp-json\/wp\/v2\/product\/516","targetHints":{"allow":["GET"]}}],"collection":[{"href":"https:\/\/philipblank.com\/sv\/wp-json\/wp\/v2\/product"}],"about":[{"href":"https:\/\/philipblank.com\/sv\/wp-json\/wp\/v2\/types\/product"}],"wp:featuredmedia":[{"embeddable":true,"href":"https:\/\/philipblank.com\/sv\/wp-json\/wp\/v2\/media\/5427"}],"wp:attachment":[{"href":"https:\/\/philipblank.com\/sv\/wp-json\/wp\/v2\/media?parent=516"}],"wp:term":[{"taxonomy":"product_brand","embeddable":true,"href":"https:\/\/philipblank.com\/sv\/wp-json\/wp\/v2\/product_brand?post=516"},{"taxonomy":"product_cat","embeddable":true,"href":"https:\/\/philipblank.com\/sv\/wp-json\/wp\/v2\/product_cat?post=516"},{"taxonomy":"product_tag","embeddable":true,"href":"https:\/\/philipblank.com\/sv\/wp-json\/wp\/v2\/product_tag?post=516"}],"curies":[{"name":"wp","href":"https:\/\/api.w.org\/{rel}","templated":true}]}}